{"id":10,"date":"2012-09-11T09:54:54","date_gmt":"2012-09-11T09:54:54","guid":{"rendered":"https:\/\/www.recirk.se\/index.php\/bubbelkammarstrippers-sv\/"},"modified":"2024-07-19T10:33:34","modified_gmt":"2024-07-19T10:33:34","slug":"bubbelkammarstrippers-sv","status":"publish","type":"page","link":"https:\/\/www.recirk.se\/index.php\/bubbelkammarstrippers-sv\/","title":{"rendered":"Bubbelkammarstrippers"},"content":{"rendered":"\t\t<div data-elementor-type=\"wp-page\" data-elementor-id=\"10\" class=\"elementor elementor-10\" data-elementor-post-type=\"page\">\n\t\t\t\t<div class=\"elementor-element elementor-element-e067caf e-flex e-con-boxed e-con e-parent\" data-id=\"e067caf\" data-element_type=\"container\" data-e-type=\"container\">\n\t\t\t\t\t<div class=\"e-con-inner\">\n\t\t<div class=\"elementor-element elementor-element-c830298 e-con-full e-flex e-con e-child\" data-id=\"c830298\" data-element_type=\"container\" data-e-type=\"container\">\n\t\t\t\t<div class=\"elementor-element elementor-element-25f57fb elementor-widget elementor-widget-image\" data-id=\"25f57fb\" data-element_type=\"widget\" data-e-type=\"widget\" data-widget_type=\"image.default\">\n\t\t\t\t<div class=\"elementor-widget-container\">\n\t\t\t\t\t\t\t\t\t\t\t\t<figure class=\"wp-caption\">\n\t\t\t\t\t\t\t\t\t\t<img decoding=\"async\" src=\"https:\/\/www.recirk.se\/wp-content\/uploads\/elementor\/thumbs\/bpr_tom_small-qeqest8w7k3kdbnia0lr1odnpuzadrw96bqzka8q2o-qeru5386ru91m2xdmy0fx9r2dh21vxffag6bbhs740.jpg\" title=\"bpr_tom_small-qeqest8w7k3kdbnia0lr1odnpuzadrw96bqzka8q2o\" alt=\"bpr_tom_small-qeqest8w7k3kdbnia0lr1odnpuzadrw96bqzka8q2o\" loading=\"lazy\" \/>\t\t\t\t\t\t\t\t\t\t\t<figcaption class=\"widget-image-caption wp-caption-text\">Kammare tom<\/figcaption>\n\t\t\t\t\t\t\t\t\t\t<\/figure>\n\t\t\t\t\t\t\t\t\t<\/div>\n\t\t\t\t<\/div>\n\t\t\t\t<\/div>\n\t\t<div class=\"elementor-element elementor-element-c071b3d e-con-full e-flex e-con e-child\" data-id=\"c071b3d\" data-element_type=\"container\" data-e-type=\"container\">\n\t\t\t\t<div class=\"elementor-element elementor-element-19b4fcd elementor-widget elementor-widget-image\" data-id=\"19b4fcd\" data-element_type=\"widget\" data-e-type=\"widget\" data-widget_type=\"image.default\">\n\t\t\t\t<div class=\"elementor-widget-container\">\n\t\t\t\t\t\t\t\t\t\t\t\t<figure class=\"wp-caption\">\n\t\t\t\t\t\t\t\t\t\t<img decoding=\"async\" src=\"https:\/\/www.recirk.se\/wp-content\/uploads\/elementor\/thumbs\/bpr_skiss_small-qeru5386ru91m2xdmy0fx9r2dh21vxffag6bbhs740.jpg\" title=\"BPR Skiss\" alt=\"BPR Skiss\" loading=\"lazy\" \/>\t\t\t\t\t\t\t\t\t\t\t<figcaption class=\"widget-image-caption wp-caption-text\">Principskiss<\/figcaption>\n\t\t\t\t\t\t\t\t\t\t<\/figure>\n\t\t\t\t\t\t\t\t\t<\/div>\n\t\t\t\t<\/div>\n\t\t\t\t<\/div>\n\t\t<div class=\"elementor-element elementor-element-37ec187 e-con-full e-flex e-con e-child\" data-id=\"37ec187\" data-element_type=\"container\" data-e-type=\"container\">\n\t\t\t\t<div class=\"elementor-element elementor-element-a02d516 elementor-widget elementor-widget-image\" data-id=\"a02d516\" data-element_type=\"widget\" data-e-type=\"widget\" data-widget_type=\"image.default\">\n\t\t\t\t<div class=\"elementor-widget-container\">\n\t\t\t\t\t\t\t\t\t\t\t\t<figure class=\"wp-caption\">\n\t\t\t\t\t\t\t\t\t\t<img decoding=\"async\" src=\"https:\/\/www.recirk.se\/wp-content\/uploads\/elementor\/thumbs\/bpr_drift_small-qeru5386ru91m2xdmy0fx9r2dh21vxffag6bbhs740.jpg\" title=\"Kammare i drift\" alt=\"Kammare i drift\" loading=\"lazy\" \/>\t\t\t\t\t\t\t\t\t\t\t<figcaption class=\"widget-image-caption wp-caption-text\">Kammare drift<\/figcaption>\n\t\t\t\t\t\t\t\t\t\t<\/figure>\n\t\t\t\t\t\t\t\t\t<\/div>\n\t\t\t\t<\/div>\n\t\t\t\t<\/div>\n\t\t\t\t\t<\/div>\n\t\t\t\t<\/div>\n\t\t<div class=\"elementor-element elementor-element-7e891bdf e-flex e-con-boxed e-con e-parent\" data-id=\"7e891bdf\" data-element_type=\"container\" data-e-type=\"container\">\n\t\t\t\t\t<div class=\"e-con-inner\">\n\t\t\t\t<div class=\"elementor-element elementor-element-61a9664 elementor-widget elementor-widget-spacer\" data-id=\"61a9664\" data-element_type=\"widget\" data-e-type=\"widget\" data-widget_type=\"spacer.default\">\n\t\t\t\t<div class=\"elementor-widget-container\">\n\t\t\t\t\t\t\t<div class=\"elementor-spacer\">\n\t\t\t<div class=\"elementor-spacer-inner\"><\/div>\n\t\t<\/div>\n\t\t\t\t\t\t<\/div>\n\t\t\t\t<\/div>\n\t\t\t\t<div class=\"elementor-element elementor-element-6da68860 elementor-widget elementor-widget-text-editor\" data-id=\"6da68860\" data-element_type=\"widget\" data-e-type=\"widget\" data-widget_type=\"text-editor.default\">\n\t\t\t\t<div class=\"elementor-widget-container\">\n\t\t\t\t\t\t\t\t\t<p style=\"text-align: center;\"><strong>Bubbelkammarstrippers<\/strong><\/p><p align=\"left\"><span class=\"p2\">L\u00e4ttflyktiga \u00e4mnen i v\u00e4tskor som t.ex. f\u00f6rorenat vatten kan drivas av genom att bl\u00e5sa luft eller annan gas genom v\u00e4tskan. Bubbelkammaren \u00e4r en mycket effektiv och enkel kontaktapparat f\u00f6r kontakt mellan gas och v\u00e4tska.<\/span><\/p><h4>F\u00f6rdelar<\/h4><ul style=\"margin-top: 0cm;\"><li><div class=\"p2\">Okomplicerad utrustning<\/div><\/li><li><div class=\"p2\">L\u00e5ga tryckfall<\/div><\/li><li><div class=\"p2\">Enkel att reng\u00f6ra<\/div><\/li><\/ul><h4>Exempel p\u00e5 till\u00e4mpningar<\/h4><ul class=\"p2\" style=\"margin-top: 0cm;\"><li><div>F\u00f6rorenat grundvatten av klorerade och andra kolv\u00e4ten<\/div><\/li><li><div>Avdrivning ur kondensat efter indunstare<\/div><\/li><\/ul>\t\t\t\t\t\t\t\t<\/div>\n\t\t\t\t<\/div>\n\t\t\t\t<div class=\"elementor-element elementor-element-22cbad5 elementor-widget elementor-widget-spacer\" data-id=\"22cbad5\" data-element_type=\"widget\" data-e-type=\"widget\" data-widget_type=\"spacer.default\">\n\t\t\t\t<div class=\"elementor-widget-container\">\n\t\t\t\t\t\t\t<div class=\"elementor-spacer\">\n\t\t\t<div class=\"elementor-spacer-inner\"><\/div>\n\t\t<\/div>\n\t\t\t\t\t\t<\/div>\n\t\t\t\t<\/div>\n\t\t\t\t\t<\/div>\n\t\t\t\t<\/div>\n\t\t<div class=\"elementor-element elementor-element-91584bc e-flex e-con-boxed e-con e-parent\" data-id=\"91584bc\" data-element_type=\"container\" data-e-type=\"container\">\n\t\t\t\t\t<div class=\"e-con-inner\">\n\t\t\t\t\t<\/div>\n\t\t\t\t<\/div>\n\t\t<div class=\"elementor-element elementor-element-808181d e-flex e-con-boxed e-con e-parent\" data-id=\"808181d\" data-element_type=\"container\" data-e-type=\"container\">\n\t\t\t\t\t<div class=\"e-con-inner\">\n\t\t\t\t<div class=\"elementor-element elementor-element-34861bc elementor-widget elementor-widget-video\" data-id=\"34861bc\" data-element_type=\"widget\" data-e-type=\"widget\" data-settings=\"{&quot;video_type&quot;:&quot;hosted&quot;,&quot;controls&quot;:&quot;yes&quot;}\" data-widget_type=\"video.default\">\n\t\t\t\t<div class=\"elementor-widget-container\">\n\t\t\t\t\t\t\t<div class=\"e-hosted-video elementor-wrapper elementor-open-inline\">\n\t\t\t\t\t<video class=\"elementor-video\" src=\"https:\/\/www.recirk.se\/wp-content\/uploads\/2024\/07\/20240215_150344.mp4\" controls=\"\" preload=\"metadata\" controlsList=\"nodownload\"><\/video>\n\t\t\t\t<\/div>\n\t\t\t\t\t\t<\/div>\n\t\t\t\t<\/div>\n\t\t\t\t\t<\/div>\n\t\t\t\t<\/div>\n\t\t\t\t<\/div>\n\t\t","protected":false},"excerpt":{"rendered":"<p>Kammare tom Principskiss Kammare drift Bubbelkammarstrippers L\u00e4ttflyktiga \u00e4mnen i v\u00e4tskor som t.ex. f\u00f6rorenat vatten kan drivas av genom att bl\u00e5sa luft eller annan gas genom v\u00e4tskan. Bubbelkammaren \u00e4r en mycket effektiv och enkel kontaktapparat f\u00f6r kontakt mellan gas och v\u00e4tska. F\u00f6rdelar Okomplicerad utrustning L\u00e5ga tryckfall Enkel att reng\u00f6ra Exempel p\u00e5 till\u00e4mpningar F\u00f6rorenat grundvatten av klorerade [&hellip;]<\/p>\n","protected":false},"author":1,"featured_media":7,"parent":0,"menu_order":32,"comment_status":"closed","ping_status":"closed","template":"","meta":{"footnotes":""},"class_list":["post-10","page","type-page","status-publish","has-post-thumbnail","hentry"],"_links":{"self":[{"href":"https:\/\/www.recirk.se\/index.php\/wp-json\/wp\/v2\/pages\/10","targetHints":{"allow":["GET"]}}],"collection":[{"href":"https:\/\/www.recirk.se\/index.php\/wp-json\/wp\/v2\/pages"}],"about":[{"href":"https:\/\/www.recirk.se\/index.php\/wp-json\/wp\/v2\/types\/page"}],"author":[{"embeddable":true,"href":"https:\/\/www.recirk.se\/index.php\/wp-json\/wp\/v2\/users\/1"}],"replies":[{"embeddable":true,"href":"https:\/\/www.recirk.se\/index.php\/wp-json\/wp\/v2\/comments?post=10"}],"version-history":[{"count":12,"href":"https:\/\/www.recirk.se\/index.php\/wp-json\/wp\/v2\/pages\/10\/revisions"}],"predecessor-version":[{"id":428,"href":"https:\/\/www.recirk.se\/index.php\/wp-json\/wp\/v2\/pages\/10\/revisions\/428"}],"wp:featuredmedia":[{"embeddable":true,"href":"https:\/\/www.recirk.se\/index.php\/wp-json\/wp\/v2\/media\/7"}],"wp:attachment":[{"href":"https:\/\/www.recirk.se\/index.php\/wp-json\/wp\/v2\/media?parent=10"}],"curies":[{"name":"wp","href":"https:\/\/api.w.org\/{rel}","templated":true}]}}