{"id":12,"date":"2012-09-11T09:56:14","date_gmt":"2012-09-11T09:56:14","guid":{"rendered":"https:\/\/www.recirk.se\/index.php\/dimmavskiljningsfilter-sv\/"},"modified":"2023-11-02T08:40:15","modified_gmt":"2023-11-02T08:40:15","slug":"dimmavskiljningsfilter-sv","status":"publish","type":"page","link":"https:\/\/www.recirk.se\/index.php\/dimmavskiljningsfilter-sv\/","title":{"rendered":"Dimmavskiljningsfilter"},"content":{"rendered":"\t\t<div data-elementor-type=\"wp-page\" data-elementor-id=\"12\" class=\"elementor elementor-12\" data-elementor-post-type=\"page\">\n\t\t\t\t<div class=\"elementor-element elementor-element-cc1e745 e-flex e-con-boxed e-con e-parent\" data-id=\"cc1e745\" data-element_type=\"container\" data-e-type=\"container\">\n\t\t\t\t\t<div class=\"e-con-inner\">\n\t\t<div class=\"elementor-element elementor-element-d94fb6d e-con-full e-flex e-con e-child\" data-id=\"d94fb6d\" data-element_type=\"container\" data-e-type=\"container\">\n\t\t\t\t<div class=\"elementor-element elementor-element-6665b49 elementor-widget elementor-widget-spacer\" data-id=\"6665b49\" data-element_type=\"widget\" data-e-type=\"widget\" data-widget_type=\"spacer.default\">\n\t\t\t\t<div class=\"elementor-widget-container\">\n\t\t\t\t\t\t\t<div class=\"elementor-spacer\">\n\t\t\t<div class=\"elementor-spacer-inner\"><\/div>\n\t\t<\/div>\n\t\t\t\t\t\t<\/div>\n\t\t\t\t<\/div>\n\t\t\t\t<div class=\"elementor-element elementor-element-4b2d618 elementor-widget elementor-widget-text-editor\" data-id=\"4b2d618\" data-element_type=\"widget\" data-e-type=\"widget\" data-widget_type=\"text-editor.default\">\n\t\t\t\t<div class=\"elementor-widget-container\">\n\t\t\t\t\t\t\t\t\t<p>Sm\u00e5 och mikroskopiska v\u00e4tskedroppar som bildar dimma \u00e4r sv\u00e5ra att avskilja p\u00e5 grund av sin storlek. Traditionella droppavskiljare fungerar inte utan koallesensfilter m\u00e5ste anv\u00e4ndas som sl\u00e5r samman v\u00e4tskedimman till st\u00f6rre droppar varvid dimman \u00f6verf\u00f6rs till flytande v\u00e4tska.<br \/>Koaliseringsprocessen sker i en packad b\u00e4dd av glasfiber i cylindriska filter. I b\u00e4dden sammansl\u00e4s partiklarna varvid de ansamlas i filterb\u00e4dden till en v\u00e4tskan och rinner av\u00a0 och kan sammalas upp vid botten av det cylindriska filtret\u00a0<\/p>\t\t\t\t\t\t\t\t<\/div>\n\t\t\t\t<\/div>\n\t\t\t\t<\/div>\n\t\t<div class=\"elementor-element elementor-element-7b1e153 e-con-full e-flex e-con e-child\" data-id=\"7b1e153\" data-element_type=\"container\" data-e-type=\"container\">\n\t\t\t\t<div class=\"elementor-element elementor-element-6aae9cd elementor-widget elementor-widget-image\" data-id=\"6aae9cd\" data-element_type=\"widget\" data-e-type=\"widget\" data-widget_type=\"image.default\">\n\t\t\t\t<div class=\"elementor-widget-container\">\n\t\t\t\t\t\t\t\t\t\t\t\t\t\t\t<img fetchpriority=\"high\" decoding=\"async\" width=\"236\" height=\"479\" src=\"https:\/\/www.recirk.se\/wp-content\/uploads\/2012\/09\/brink_principskiss.jpg\" class=\"attachment-large size-large wp-image-11\" alt=\"\" srcset=\"https:\/\/www.recirk.se\/wp-content\/uploads\/2012\/09\/brink_principskiss.jpg 236w, https:\/\/www.recirk.se\/wp-content\/uploads\/2012\/09\/brink_principskiss-148x300.jpg 148w\" sizes=\"(max-width: 236px) 100vw, 236px\" \/>\t\t\t\t\t\t\t\t\t\t\t\t\t\t\t<\/div>\n\t\t\t\t<\/div>\n\t\t\t\t<\/div>\n\t\t\t\t\t<\/div>\n\t\t\t\t<\/div>\n\t\t<div class=\"elementor-element elementor-element-59023da1 e-flex e-con-boxed e-con e-parent\" data-id=\"59023da1\" data-element_type=\"container\" data-e-type=\"container\">\n\t\t\t\t\t<div class=\"e-con-inner\">\n\t\t\t\t<div class=\"elementor-element elementor-element-e2b8dbb elementor-widget elementor-widget-spacer\" data-id=\"e2b8dbb\" data-element_type=\"widget\" data-e-type=\"widget\" data-widget_type=\"spacer.default\">\n\t\t\t\t<div class=\"elementor-widget-container\">\n\t\t\t\t\t\t\t<div class=\"elementor-spacer\">\n\t\t\t<div class=\"elementor-spacer-inner\"><\/div>\n\t\t<\/div>\n\t\t\t\t\t\t<\/div>\n\t\t\t\t<\/div>\n\t\t\t\t<div class=\"elementor-element elementor-element-45b51cf8 elementor-widget elementor-widget-text-editor\" data-id=\"45b51cf8\" data-element_type=\"widget\" data-e-type=\"widget\" data-widget_type=\"text-editor.default\">\n\t\t\t\t<div class=\"elementor-widget-container\">\n\t\t\t\t\t\t\t\t\t<h4>F\u00f6rdelar<\/h4><ul style=\"margin-top: 0cm;\"><li><div class=\"p2\">Okomplicerad utrustning<\/div><\/li><li><div class=\"p2\">Relativt l\u00e5ga tryckfall<\/div><\/li><li><div class=\"p2\">Enkel att reng\u00f6ra<\/div><\/li><li><div class=\"p2\">Enbart ren v\u00e4tska erh\u00e5lles utan uppblandning med vatten.<\/div><\/li><\/ul><h4>Exempel p\u00e5 till\u00e4mpningar<\/h4><ul class=\"p2\" style=\"margin-top: 0cm;\"><li><div>Oljedimma i olika industriverksamheter som verkstadsindustri, plastextrudering och valsning.<\/div><\/li><li><div>Asfaltsdimma vid takpappstillverkning och asfaltsverk<\/div><\/li><\/ul><p class=\"p2\" align=\"left\">\u00a0<\/p>\t\t\t\t\t\t\t\t<\/div>\n\t\t\t\t<\/div>\n\t\t\t\t<div class=\"elementor-element elementor-element-7000e9e elementor-widget elementor-widget-spacer\" data-id=\"7000e9e\" data-element_type=\"widget\" data-e-type=\"widget\" data-widget_type=\"spacer.default\">\n\t\t\t\t<div class=\"elementor-widget-container\">\n\t\t\t\t\t\t\t<div class=\"elementor-spacer\">\n\t\t\t<div class=\"elementor-spacer-inner\"><\/div>\n\t\t<\/div>\n\t\t\t\t\t\t<\/div>\n\t\t\t\t<\/div>\n\t\t\t\t\t<\/div>\n\t\t\t\t<\/div>\n\t\t\t\t<\/div>\n\t\t","protected":false},"excerpt":{"rendered":"<p>Sm\u00e5 och mikroskopiska v\u00e4tskedroppar som bildar dimma \u00e4r sv\u00e5ra att avskilja p\u00e5 grund av sin storlek. Traditionella droppavskiljare fungerar inte utan koallesensfilter m\u00e5ste anv\u00e4ndas som sl\u00e5r samman v\u00e4tskedimman till st\u00f6rre droppar varvid dimman \u00f6verf\u00f6rs till flytande v\u00e4tska.Koaliseringsprocessen sker i en packad b\u00e4dd av glasfiber i cylindriska filter. I b\u00e4dden sammansl\u00e4s partiklarna varvid de ansamlas i [&hellip;]<\/p>\n","protected":false},"author":1,"featured_media":11,"parent":0,"menu_order":31,"comment_status":"closed","ping_status":"closed","template":"","meta":{"footnotes":""},"class_list":["post-12","page","type-page","status-publish","has-post-thumbnail","hentry"],"_links":{"self":[{"href":"https:\/\/www.recirk.se\/index.php\/wp-json\/wp\/v2\/pages\/12","targetHints":{"allow":["GET"]}}],"collection":[{"href":"https:\/\/www.recirk.se\/index.php\/wp-json\/wp\/v2\/pages"}],"about":[{"href":"https:\/\/www.recirk.se\/index.php\/wp-json\/wp\/v2\/types\/page"}],"author":[{"embeddable":true,"href":"https:\/\/www.recirk.se\/index.php\/wp-json\/wp\/v2\/users\/1"}],"replies":[{"embeddable":true,"href":"https:\/\/www.recirk.se\/index.php\/wp-json\/wp\/v2\/comments?post=12"}],"version-history":[{"count":12,"href":"https:\/\/www.recirk.se\/index.php\/wp-json\/wp\/v2\/pages\/12\/revisions"}],"predecessor-version":[{"id":136,"href":"https:\/\/www.recirk.se\/index.php\/wp-json\/wp\/v2\/pages\/12\/revisions\/136"}],"wp:featuredmedia":[{"embeddable":true,"href":"https:\/\/www.recirk.se\/index.php\/wp-json\/wp\/v2\/media\/11"}],"wp:attachment":[{"href":"https:\/\/www.recirk.se\/index.php\/wp-json\/wp\/v2\/media?parent=12"}],"curies":[{"name":"wp","href":"https:\/\/api.w.org\/{rel}","templated":true}]}}