{"id":14,"date":"2012-09-11T10:05:52","date_gmt":"2012-09-11T10:05:52","guid":{"rendered":"https:\/\/www.recirk.se\/index.php\/fasta-baddar\/"},"modified":"2023-11-02T08:41:34","modified_gmt":"2023-11-02T08:41:34","slug":"fasta-baddar","status":"publish","type":"page","link":"https:\/\/www.recirk.se\/index.php\/fasta-baddar\/","title":{"rendered":"Fasta B\u00e4ddar"},"content":{"rendered":"\t\t<div data-elementor-type=\"wp-page\" data-elementor-id=\"14\" class=\"elementor elementor-14\" data-elementor-post-type=\"page\">\n\t\t\t\t<div class=\"elementor-element elementor-element-55fb36ca e-flex e-con-boxed e-con e-parent\" data-id=\"55fb36ca\" data-element_type=\"container\" data-e-type=\"container\">\n\t\t\t\t\t<div class=\"e-con-inner\">\n\t\t\t\t<div class=\"elementor-element elementor-element-471af77 elementor-widget elementor-widget-image\" data-id=\"471af77\" data-element_type=\"widget\" data-e-type=\"widget\" data-widget_type=\"image.default\">\n\t\t\t\t<div class=\"elementor-widget-container\">\n\t\t\t\t\t\t\t\t\t\t\t\t\t\t\t<img decoding=\"async\" width=\"227\" height=\"197\" src=\"https:\/\/www.recirk.se\/wp-content\/uploads\/2012\/09\/fasta_baddar.jpg\" class=\"attachment-full size-full wp-image-13\" alt=\"Fasta b\u00e4ddatr\" \/>\t\t\t\t\t\t\t\t\t\t\t\t\t\t\t<\/div>\n\t\t\t\t<\/div>\n\t\t\t\t<div class=\"elementor-element elementor-element-5356dc96 elementor-widget elementor-widget-text-editor\" data-id=\"5356dc96\" data-element_type=\"widget\" data-e-type=\"widget\" data-widget_type=\"text-editor.default\">\n\t\t\t\t<div class=\"elementor-widget-container\">\n\t\t\t\t\t\t\t\t\t<p class=\"p2\" align=\"left\">L\u00f6sta f\u00f6roreningar i vatten eller f\u00f6roreningar i processluftsstr\u00f6mmar kan adsorberas till olika typer av fasta material i fasta b\u00e4ddar. N\u00e4r en viss m\u00e4ng adsorberats har b\u00e4dden ej f\u00f6rm\u00e5ga att ta upp mer varvid ett genombrott sker och f\u00f6roreningarna passerar igenom b\u00e4dden. Byte av eller regenerering av adsorbenten i b\u00e4dden m\u00e5ste d\u00e5 ske.<\/p><h5>Det finns olika typer av adsorbtions system:<\/h5><ul><li class=\"p2\">B\u00e4ddar av eng\u00e5ngstyp d\u00e4r adsorbenten byts ut och destrueras<\/li><li class=\"p2\">Regenerering av b\u00e4dden sker p\u00e5 plats med t.ex. \u00e5nga eller hetluft och f\u00f6roreningen kondenseras ut eller f\u00f6rbr\u00e4nns<\/li><li class=\"p2\">Adsorbenten tas, i l\u00f6s form eller hela adsorb\u00f6ren, till annan plats f\u00f6r regenerering eller reaktivering.<\/li><\/ul><p class=\"p2\" align=\"left\">Adsorbenten kan vara av olika typer beroende p\u00e5 f\u00f6rorening eller applikation. Exempelvis anv\u00e4nds aktivt kol, zeoliter eller polymera material som adsorbenter men \u00e4ven naturliga material som torv kan anv\u00e4ndas.<\/p><h4>F\u00f6rdelar<\/h4><ul><li><div class=\"p2\">Relativt okomplicerad utrustning<\/div><\/li><li><div class=\"p2\">Relativt l\u00e5ga tryckfall<\/div><\/li><li><div class=\"p2\">Sm\u00e5 problem med restprodukter och avloppsvatten fr\u00e5n regenerering<\/div><\/li><\/ul><h4>Exempel p\u00e5 till\u00e4mpningar<\/h4><p class=\"p2\" align=\"left\">\u2022\u00a0Toxiska eller f\u00e4rg- \u00e4mnen i avloppsvatten<br \/>\u2022\u00a0VOC och illaluktande \u00e4mnen i olika typer av process-\u00a0 och ventilationsluft<\/p>\t\t\t\t\t\t\t\t<\/div>\n\t\t\t\t<\/div>\n\t\t\t\t<div class=\"elementor-element elementor-element-3c87f71 elementor-widget elementor-widget-spacer\" data-id=\"3c87f71\" data-element_type=\"widget\" data-e-type=\"widget\" data-widget_type=\"spacer.default\">\n\t\t\t\t<div class=\"elementor-widget-container\">\n\t\t\t\t\t\t\t<div class=\"elementor-spacer\">\n\t\t\t<div class=\"elementor-spacer-inner\"><\/div>\n\t\t<\/div>\n\t\t\t\t\t\t<\/div>\n\t\t\t\t<\/div>\n\t\t\t\t\t<\/div>\n\t\t\t\t<\/div>\n\t\t\t\t<\/div>\n\t\t","protected":false},"excerpt":{"rendered":"<p>L\u00f6sta f\u00f6roreningar i vatten eller f\u00f6roreningar i processluftsstr\u00f6mmar kan adsorberas till olika typer av fasta material i fasta b\u00e4ddar. N\u00e4r en viss m\u00e4ng adsorberats har b\u00e4dden ej f\u00f6rm\u00e5ga att ta upp mer varvid ett genombrott sker och f\u00f6roreningarna passerar igenom b\u00e4dden. Byte av eller regenerering av adsorbenten i b\u00e4dden m\u00e5ste d\u00e5 ske. Det finns olika [&hellip;]<\/p>\n","protected":false},"author":1,"featured_media":13,"parent":0,"menu_order":30,"comment_status":"closed","ping_status":"closed","template":"","meta":{"footnotes":""},"class_list":["post-14","page","type-page","status-publish","has-post-thumbnail","hentry"],"_links":{"self":[{"href":"https:\/\/www.recirk.se\/index.php\/wp-json\/wp\/v2\/pages\/14","targetHints":{"allow":["GET"]}}],"collection":[{"href":"https:\/\/www.recirk.se\/index.php\/wp-json\/wp\/v2\/pages"}],"about":[{"href":"https:\/\/www.recirk.se\/index.php\/wp-json\/wp\/v2\/types\/page"}],"author":[{"embeddable":true,"href":"https:\/\/www.recirk.se\/index.php\/wp-json\/wp\/v2\/users\/1"}],"replies":[{"embeddable":true,"href":"https:\/\/www.recirk.se\/index.php\/wp-json\/wp\/v2\/comments?post=14"}],"version-history":[{"count":3,"href":"https:\/\/www.recirk.se\/index.php\/wp-json\/wp\/v2\/pages\/14\/revisions"}],"predecessor-version":[{"id":139,"href":"https:\/\/www.recirk.se\/index.php\/wp-json\/wp\/v2\/pages\/14\/revisions\/139"}],"wp:featuredmedia":[{"embeddable":true,"href":"https:\/\/www.recirk.se\/index.php\/wp-json\/wp\/v2\/media\/13"}],"wp:attachment":[{"href":"https:\/\/www.recirk.se\/index.php\/wp-json\/wp\/v2\/media?parent=14"}],"curies":[{"name":"wp","href":"https:\/\/api.w.org\/{rel}","templated":true}]}}