{"id":16,"date":"2012-09-11T10:06:55","date_gmt":"2012-09-11T10:06:55","guid":{"rendered":"https:\/\/www.recirk.se\/index.php\/katalysatorer\/"},"modified":"2012-09-11T10:06:55","modified_gmt":"2012-09-11T10:06:55","slug":"katalysatorer","status":"publish","type":"page","link":"https:\/\/www.recirk.se\/index.php\/katalysatorer\/","title":{"rendered":"Katalysatorer"},"content":{"rendered":"<p align=\"center\" class=\"p2\">\n\t<img decoding=\"async\" class=\" size-full wp-image-15\" alt=\" \" border=\"0\" height=\"203\" src=\"https:\/\/www.recirk.se\/wp-content\/uploads\/2012\/09\/katalysator.jpg\" width=\"202\" \/><\/p>\n<p class=\"p2\">\n\tKemiska \u00e4mnen i luft kan oms\u00e4ttas till andra, och mer oskadliga \u00e4mnen, med hj\u00e4lp av katalysatorer. En katalysator p\u00e5verkar och p\u00e5skyndar en kemisk f\u00f6r\u00e4ndring utan att sj\u00e4lv p\u00e5verkas. Katalysatorer best\u00e5r av aktiva \u00e4mnen p\u00e5 ett fast b\u00e4rarmaterial. Det aktiva \u00e4mnet \u00e4r oftast n\u00e5gon typ av metall ofta \u00e4delmetaller.&nbsp;&nbsp;<\/p>\n<h5>\n\tDet finns olika typer av katalytiska system:<\/h5>\n<ul>\n<li>\n<div class=\"p2\">\n\t\t\tOxidations system t.ex. oxidering av VOC till koldioxid och vatten.<\/div>\n<\/li>\n<li>\n<div class=\"p2\">\n\t\t\tReduktions system t.ex. omvandling av ozon till syrgas eller reduktion av kv\u00e4veoxider till kv\u00e4vgas<\/div>\n<\/li>\n<\/ul>\n<h4>\n\tF\u00f6rdelar<\/h4>\n<ul>\n<li>\n<div class=\"p2\">\n\t\t\tOkomplicerad utrustning.<\/div>\n<\/li>\n<li>\n<div class=\"p2\">\n\t\t\tEnkla driftsf\u00f6rh\u00e5llanden d\u00e5 omvandlingen sker vid l\u00e5g temperatur.<\/div>\n<\/li>\n<\/ul>\n<h4>\n\tExempel p\u00e5 till\u00e4mpningar<\/h4>\n<ul>\n<li>\n\t\tF\u00f6rbr\u00e4nning av kolv\u00e4ten fr\u00e5n olika ytbehandlings- och kemiska processer till koldioxid och vatten.<\/li>\n<li>\n\t\tReduktion av \u00f6verskottsozon fr\u00e5n coronabehandling i ytbel\u00e4ggningsprocesser<\/li>\n<\/ul>\n<p>\n\t&nbsp;<\/p>\n","protected":false},"excerpt":{"rendered":"<p>Kemiska \u00e4mnen i luft kan oms\u00e4ttas till andra, och mer oskadliga \u00e4mnen, med hj\u00e4lp av katalysatorer. En katalysator p\u00e5verkar och p\u00e5skyndar en kemisk f\u00f6r\u00e4ndring utan att sj\u00e4lv p\u00e5verkas. Katalysatorer best\u00e5r av aktiva \u00e4mnen p\u00e5 ett fast b\u00e4rarmaterial. Det aktiva \u00e4mnet \u00e4r oftast n\u00e5gon typ av metall ofta \u00e4delmetaller.&nbsp;&nbsp; Det finns olika typer av katalytiska system: [&hellip;]<\/p>\n","protected":false},"author":1,"featured_media":15,"parent":0,"menu_order":29,"comment_status":"closed","ping_status":"closed","template":"","meta":{"footnotes":""},"class_list":["post-16","page","type-page","status-publish","has-post-thumbnail","hentry"],"_links":{"self":[{"href":"https:\/\/www.recirk.se\/index.php\/wp-json\/wp\/v2\/pages\/16","targetHints":{"allow":["GET"]}}],"collection":[{"href":"https:\/\/www.recirk.se\/index.php\/wp-json\/wp\/v2\/pages"}],"about":[{"href":"https:\/\/www.recirk.se\/index.php\/wp-json\/wp\/v2\/types\/page"}],"author":[{"embeddable":true,"href":"https:\/\/www.recirk.se\/index.php\/wp-json\/wp\/v2\/users\/1"}],"replies":[{"embeddable":true,"href":"https:\/\/www.recirk.se\/index.php\/wp-json\/wp\/v2\/comments?post=16"}],"version-history":[{"count":0,"href":"https:\/\/www.recirk.se\/index.php\/wp-json\/wp\/v2\/pages\/16\/revisions"}],"wp:featuredmedia":[{"embeddable":true,"href":"https:\/\/www.recirk.se\/index.php\/wp-json\/wp\/v2\/media\/15"}],"wp:attachment":[{"href":"https:\/\/www.recirk.se\/index.php\/wp-json\/wp\/v2\/media?parent=16"}],"curies":[{"name":"wp","href":"https:\/\/api.w.org\/{rel}","templated":true}]}}