{"id":22,"date":"2012-09-11T10:16:10","date_gmt":"2012-09-11T10:16:10","guid":{"rendered":"https:\/\/www.recirk.se\/index.php\/bensinhaltigt-baddvatten\/"},"modified":"2023-11-02T08:54:46","modified_gmt":"2023-11-02T08:54:46","slug":"bensinhaltigt-baddvatten","status":"publish","type":"page","link":"https:\/\/www.recirk.se\/index.php\/bensinhaltigt-baddvatten\/","title":{"rendered":"Bensinhaltigt b\u00e4ddvatten"},"content":{"rendered":"\t\t<div data-elementor-type=\"wp-page\" data-elementor-id=\"22\" class=\"elementor elementor-22\" data-elementor-post-type=\"page\">\n\t\t\t\t<div class=\"elementor-element elementor-element-5306b9af e-flex e-con-boxed e-con e-parent\" data-id=\"5306b9af\" data-element_type=\"container\" data-e-type=\"container\">\n\t\t\t\t\t<div class=\"e-con-inner\">\n\t\t\t\t<div class=\"elementor-element elementor-element-f7e55d8 elementor-widget elementor-widget-image\" data-id=\"f7e55d8\" data-element_type=\"widget\" data-e-type=\"widget\" data-widget_type=\"image.default\">\n\t\t\t\t<div class=\"elementor-widget-container\">\n\t\t\t\t\t\t\t\t\t\t\t\t\t\t\t<img fetchpriority=\"high\" decoding=\"async\" width=\"800\" height=\"398\" src=\"https:\/\/www.recirk.se\/wp-content\/uploads\/2012\/09\/staoil_schema.jpg\" class=\"attachment-large size-large wp-image-21\" alt=\"\" srcset=\"https:\/\/www.recirk.se\/wp-content\/uploads\/2012\/09\/staoil_schema.jpg 1024w, https:\/\/www.recirk.se\/wp-content\/uploads\/2012\/09\/staoil_schema-300x149.jpg 300w, https:\/\/www.recirk.se\/wp-content\/uploads\/2012\/09\/staoil_schema-768x382.jpg 768w\" sizes=\"(max-width: 800px) 100vw, 800px\" \/>\t\t\t\t\t\t\t\t\t\t\t\t\t\t\t<\/div>\n\t\t\t\t<\/div>\n\t\t\t\t<div class=\"elementor-element elementor-element-0e0e1af elementor-widget elementor-widget-text-editor\" data-id=\"0e0e1af\" data-element_type=\"widget\" data-e-type=\"widget\" data-widget_type=\"text-editor.default\">\n\t\t\t\t<div class=\"elementor-widget-container\">\n\t\t\t\t\t\t\t\t\t<p><br \/>Lagring av bensin sker till vissa delar i bergrum. Dessa kan vara av olika typer d\u00e4r ett s\u00e4tt \u00e4r att anv\u00e4nda en flytande b\u00e4dd d\u00e4r vatten anv\u00e4ndes som utfyllnadsmedia och bensinen flyter ovanp\u00e5 vattnet i bergrummet. P\u00e5 detta s\u00e4tt kan bergrummet h\u00e5llas luftfritt.<br \/>Bergrummen \u00e4r s\u00e5 konstruerade att inget utl\u00e4ckage kan ske utan en liten m\u00e4ngd grundvatten tr\u00e4nger hela tiden i bergrummet. Detta vatten m\u00e5ste avl\u00e4gsnas.<br \/>Vattnet som kommer i direkt kontakt med bensin f\u00f6rorenas av denna d\u00e5 sm\u00e5 m\u00e4ngder kolv\u00e4ten l\u00f6ses in i vattnet. De inl\u00f6sta f\u00f6roreningarna kan l\u00e4tt drivas i bubbelkammarstrippers varefter stripperluften kan uppkoncentreras i en VOC-rotor och f\u00f6rbr\u00e4nnas katalytiskt. Detta lir en mycket mer driftsekonomisk process \u00e4n direkt adsorbtion p\u00e5 fasta b\u00e4ddar.<\/p>\t\t\t\t\t\t\t\t<\/div>\n\t\t\t\t<\/div>\n\t\t\t\t<div class=\"elementor-element elementor-element-e91fb77 elementor-widget elementor-widget-spacer\" data-id=\"e91fb77\" data-element_type=\"widget\" data-e-type=\"widget\" data-widget_type=\"spacer.default\">\n\t\t\t\t<div class=\"elementor-widget-container\">\n\t\t\t\t\t\t\t<div class=\"elementor-spacer\">\n\t\t\t<div class=\"elementor-spacer-inner\"><\/div>\n\t\t<\/div>\n\t\t\t\t\t\t<\/div>\n\t\t\t\t<\/div>\n\t\t\t\t\t<\/div>\n\t\t\t\t<\/div>\n\t\t\t\t<\/div>\n\t\t","protected":false},"excerpt":{"rendered":"<p>Lagring av bensin sker till vissa delar i bergrum. Dessa kan vara av olika typer d\u00e4r ett s\u00e4tt \u00e4r att anv\u00e4nda en flytande b\u00e4dd d\u00e4r vatten anv\u00e4ndes som utfyllnadsmedia och bensinen flyter ovanp\u00e5 vattnet i bergrummet. P\u00e5 detta s\u00e4tt kan bergrummet h\u00e5llas luftfritt.Bergrummen \u00e4r s\u00e5 konstruerade att inget utl\u00e4ckage kan ske utan en liten m\u00e4ngd [&hellip;]<\/p>\n","protected":false},"author":1,"featured_media":21,"parent":0,"menu_order":26,"comment_status":"closed","ping_status":"closed","template":"","meta":{"footnotes":""},"class_list":["post-22","page","type-page","status-publish","has-post-thumbnail","hentry"],"_links":{"self":[{"href":"https:\/\/www.recirk.se\/index.php\/wp-json\/wp\/v2\/pages\/22","targetHints":{"allow":["GET"]}}],"collection":[{"href":"https:\/\/www.recirk.se\/index.php\/wp-json\/wp\/v2\/pages"}],"about":[{"href":"https:\/\/www.recirk.se\/index.php\/wp-json\/wp\/v2\/types\/page"}],"author":[{"embeddable":true,"href":"https:\/\/www.recirk.se\/index.php\/wp-json\/wp\/v2\/users\/1"}],"replies":[{"embeddable":true,"href":"https:\/\/www.recirk.se\/index.php\/wp-json\/wp\/v2\/comments?post=22"}],"version-history":[{"count":3,"href":"https:\/\/www.recirk.se\/index.php\/wp-json\/wp\/v2\/pages\/22\/revisions"}],"predecessor-version":[{"id":163,"href":"https:\/\/www.recirk.se\/index.php\/wp-json\/wp\/v2\/pages\/22\/revisions\/163"}],"wp:featuredmedia":[{"embeddable":true,"href":"https:\/\/www.recirk.se\/index.php\/wp-json\/wp\/v2\/media\/21"}],"wp:attachment":[{"href":"https:\/\/www.recirk.se\/index.php\/wp-json\/wp\/v2\/media?parent=22"}],"curies":[{"name":"wp","href":"https:\/\/api.w.org\/{rel}","templated":true}]}}