{"id":24,"date":"2012-09-11T10:17:02","date_gmt":"2012-09-11T10:17:02","guid":{"rendered":"https:\/\/www.recirk.se\/index.php\/hcfc-kondensering\/"},"modified":"2023-11-02T08:56:16","modified_gmt":"2023-11-02T08:56:16","slug":"hcfc-kondensering","status":"publish","type":"page","link":"https:\/\/www.recirk.se\/index.php\/hcfc-kondensering\/","title":{"rendered":"HCFC Kondensering"},"content":{"rendered":"\t\t<div data-elementor-type=\"wp-page\" data-elementor-id=\"24\" class=\"elementor elementor-24\" data-elementor-post-type=\"page\">\n\t\t\t\t<div class=\"elementor-element elementor-element-52664306 e-flex e-con-boxed e-con e-parent\" data-id=\"52664306\" data-element_type=\"container\" data-e-type=\"container\">\n\t\t\t\t\t<div class=\"e-con-inner\">\n\t\t\t\t<div class=\"elementor-element elementor-element-eca3f4b elementor-widget elementor-widget-image\" data-id=\"eca3f4b\" data-element_type=\"widget\" data-e-type=\"widget\" data-widget_type=\"image.default\">\n\t\t\t\t<div class=\"elementor-widget-container\">\n\t\t\t\t\t\t\t\t\t\t\t\t\t\t\t<img fetchpriority=\"high\" decoding=\"async\" width=\"800\" height=\"565\" src=\"https:\/\/www.recirk.se\/wp-content\/uploads\/2012\/09\/stena_schema.jpg\" class=\"attachment-large size-large wp-image-23\" alt=\"\" srcset=\"https:\/\/www.recirk.se\/wp-content\/uploads\/2012\/09\/stena_schema.jpg 863w, https:\/\/www.recirk.se\/wp-content\/uploads\/2012\/09\/stena_schema-300x212.jpg 300w, https:\/\/www.recirk.se\/wp-content\/uploads\/2012\/09\/stena_schema-768x542.jpg 768w\" sizes=\"(max-width: 800px) 100vw, 800px\" \/>\t\t\t\t\t\t\t\t\t\t\t\t\t\t\t<\/div>\n\t\t\t\t<\/div>\n\t\t\t\t<div class=\"elementor-element elementor-element-7ce2aa2 elementor-widget elementor-widget-text-editor\" data-id=\"7ce2aa2\" data-element_type=\"widget\" data-e-type=\"widget\" data-widget_type=\"text-editor.default\">\n\t\t\t\t<div class=\"elementor-widget-container\">\n\t\t\t\t\t\t\t\t\t<p>Processluft inneh\u00e5llande l\u00e5gkokande \u00e4mnen som t.ex. HCFH (freonkolv\u00e4ten) kan behandlas f\u00f6r att avskilja dessa och kondensera ut dem till flytande form. Detta m\u00e5ste ske i flera steg och h\u00e4nsyn m\u00e5ste tas till att processgaserna \u00e4ven kan inneh\u00e5lla vatten.<br \/>De olika stegen best\u00e5r i kylning och torkning av processgasen i flera steg varefter adsorbtion sker i en fast b\u00e4dd vid l\u00e5g temperatur. Adsorbtionsb\u00e4ddarna regenereras med varm luft varefter kolv\u00e4tena utkondenseras i en djupkylningsprocess.<br \/>Processen f\u00f6rses med kyla fr\u00e5n ett antal kylsystem.<\/p>\t\t\t\t\t\t\t\t<\/div>\n\t\t\t\t<\/div>\n\t\t\t\t<div class=\"elementor-element elementor-element-7ecf57f elementor-widget elementor-widget-spacer\" data-id=\"7ecf57f\" data-element_type=\"widget\" data-e-type=\"widget\" data-widget_type=\"spacer.default\">\n\t\t\t\t<div class=\"elementor-widget-container\">\n\t\t\t\t\t\t\t<div class=\"elementor-spacer\">\n\t\t\t<div class=\"elementor-spacer-inner\"><\/div>\n\t\t<\/div>\n\t\t\t\t\t\t<\/div>\n\t\t\t\t<\/div>\n\t\t\t\t\t<\/div>\n\t\t\t\t<\/div>\n\t\t\t\t<\/div>\n\t\t","protected":false},"excerpt":{"rendered":"<p>Processluft inneh\u00e5llande l\u00e5gkokande \u00e4mnen som t.ex. HCFH (freonkolv\u00e4ten) kan behandlas f\u00f6r att avskilja dessa och kondensera ut dem till flytande form. Detta m\u00e5ste ske i flera steg och h\u00e4nsyn m\u00e5ste tas till att processgaserna \u00e4ven kan inneh\u00e5lla vatten.De olika stegen best\u00e5r i kylning och torkning av processgasen i flera steg varefter adsorbtion sker i en [&hellip;]<\/p>\n","protected":false},"author":1,"featured_media":23,"parent":0,"menu_order":25,"comment_status":"closed","ping_status":"closed","template":"","meta":{"footnotes":""},"class_list":["post-24","page","type-page","status-publish","has-post-thumbnail","hentry"],"_links":{"self":[{"href":"https:\/\/www.recirk.se\/index.php\/wp-json\/wp\/v2\/pages\/24","targetHints":{"allow":["GET"]}}],"collection":[{"href":"https:\/\/www.recirk.se\/index.php\/wp-json\/wp\/v2\/pages"}],"about":[{"href":"https:\/\/www.recirk.se\/index.php\/wp-json\/wp\/v2\/types\/page"}],"author":[{"embeddable":true,"href":"https:\/\/www.recirk.se\/index.php\/wp-json\/wp\/v2\/users\/1"}],"replies":[{"embeddable":true,"href":"https:\/\/www.recirk.se\/index.php\/wp-json\/wp\/v2\/comments?post=24"}],"version-history":[{"count":3,"href":"https:\/\/www.recirk.se\/index.php\/wp-json\/wp\/v2\/pages\/24\/revisions"}],"predecessor-version":[{"id":166,"href":"https:\/\/www.recirk.se\/index.php\/wp-json\/wp\/v2\/pages\/24\/revisions\/166"}],"wp:featuredmedia":[{"embeddable":true,"href":"https:\/\/www.recirk.se\/index.php\/wp-json\/wp\/v2\/media\/23"}],"wp:attachment":[{"href":"https:\/\/www.recirk.se\/index.php\/wp-json\/wp\/v2\/media?parent=24"}],"curies":[{"name":"wp","href":"https:\/\/api.w.org\/{rel}","templated":true}]}}