{"id":26,"date":"2012-09-11T10:18:08","date_gmt":"2012-09-11T10:18:08","guid":{"rendered":"https:\/\/www.recirk.se\/index.php\/mark-och-grundvattensanering\/"},"modified":"2023-11-02T08:57:45","modified_gmt":"2023-11-02T08:57:45","slug":"mark-och-grundvattensanering","status":"publish","type":"page","link":"https:\/\/www.recirk.se\/index.php\/mark-och-grundvattensanering\/","title":{"rendered":"Mark och grundvattensanering"},"content":{"rendered":"\t\t<div data-elementor-type=\"wp-page\" data-elementor-id=\"26\" class=\"elementor elementor-26\" data-elementor-post-type=\"page\">\n\t\t\t\t<div class=\"elementor-element elementor-element-17e90693 e-flex e-con-boxed e-con e-parent\" data-id=\"17e90693\" data-element_type=\"container\" data-e-type=\"container\">\n\t\t\t\t\t<div class=\"e-con-inner\">\n\t\t\t\t<div class=\"elementor-element elementor-element-a9873a0 elementor-widget elementor-widget-image\" data-id=\"a9873a0\" data-element_type=\"widget\" data-e-type=\"widget\" data-widget_type=\"image.default\">\n\t\t\t\t<div class=\"elementor-widget-container\">\n\t\t\t\t\t\t\t\t\t\t\t\t\t\t\t<img fetchpriority=\"high\" decoding=\"async\" width=\"800\" height=\"557\" src=\"https:\/\/www.recirk.se\/wp-content\/uploads\/2012\/09\/Lerum_schema-1024x713.jpg\" class=\"attachment-large size-large wp-image-25\" alt=\"\" srcset=\"https:\/\/www.recirk.se\/wp-content\/uploads\/2012\/09\/Lerum_schema-1024x713.jpg 1024w, https:\/\/www.recirk.se\/wp-content\/uploads\/2012\/09\/Lerum_schema-300x209.jpg 300w, https:\/\/www.recirk.se\/wp-content\/uploads\/2012\/09\/Lerum_schema-768x534.jpg 768w, https:\/\/www.recirk.se\/wp-content\/uploads\/2012\/09\/Lerum_schema.jpg 1085w\" sizes=\"(max-width: 800px) 100vw, 800px\" \/>\t\t\t\t\t\t\t\t\t\t\t\t\t\t\t<\/div>\n\t\t\t\t<\/div>\n\t\t\t\t<div class=\"elementor-element elementor-element-f355ca4 elementor-widget elementor-widget-text-editor\" data-id=\"f355ca4\" data-element_type=\"widget\" data-e-type=\"widget\" data-widget_type=\"text-editor.default\">\n\t\t\t\t<div class=\"elementor-widget-container\">\n\t\t\t\t\t\t\t\t\t<p>Av kolv\u00e4ten f\u00f6rorenad mark och grundvatten f\u00f6rekommer ofta vid platser d\u00e4r kolv\u00e4ten (VOC) hanterats. Detta kan vara verkstadsindustrier, kemtv\u00e4ttar, kemisk industri m.m.<br \/>Sanering av den f\u00f6rorenade marken kan ske genom vakuumextraktion av marken samt genom \u201dpump and treat\u201d av grundvattnet.<br \/>Rening av procesluften fr\u00e5n dessa processer kan ske gemensamt i en fast b\u00e4dd av adsorbenter. Det f\u00f6rorenade grundvattnet leds till en stripper d\u00e4r kolv\u00e4tena drivs av med luft. Luften fr\u00e5n vakuumextraktionen blandas med stripperluften och leds till adsorbtionsb\u00e4dden. B\u00e4dden regenereras periodvis och kolv\u00e4tena f\u00e5s fram i flytande f\u00f6r varefter dom kan destrueras.<\/p>\t\t\t\t\t\t\t\t<\/div>\n\t\t\t\t<\/div>\n\t\t\t\t<div class=\"elementor-element elementor-element-7069e37 elementor-widget elementor-widget-spacer\" data-id=\"7069e37\" data-element_type=\"widget\" data-e-type=\"widget\" data-widget_type=\"spacer.default\">\n\t\t\t\t<div class=\"elementor-widget-container\">\n\t\t\t\t\t\t\t<div class=\"elementor-spacer\">\n\t\t\t<div class=\"elementor-spacer-inner\"><\/div>\n\t\t<\/div>\n\t\t\t\t\t\t<\/div>\n\t\t\t\t<\/div>\n\t\t\t\t\t<\/div>\n\t\t\t\t<\/div>\n\t\t\t\t<\/div>\n\t\t","protected":false},"excerpt":{"rendered":"<p>Av kolv\u00e4ten f\u00f6rorenad mark och grundvatten f\u00f6rekommer ofta vid platser d\u00e4r kolv\u00e4ten (VOC) hanterats. Detta kan vara verkstadsindustrier, kemtv\u00e4ttar, kemisk industri m.m.Sanering av den f\u00f6rorenade marken kan ske genom vakuumextraktion av marken samt genom \u201dpump and treat\u201d av grundvattnet.Rening av procesluften fr\u00e5n dessa processer kan ske gemensamt i en fast b\u00e4dd av adsorbenter. Det f\u00f6rorenade [&hellip;]<\/p>\n","protected":false},"author":1,"featured_media":25,"parent":0,"menu_order":24,"comment_status":"closed","ping_status":"closed","template":"","meta":{"footnotes":""},"class_list":["post-26","page","type-page","status-publish","has-post-thumbnail","hentry"],"_links":{"self":[{"href":"https:\/\/www.recirk.se\/index.php\/wp-json\/wp\/v2\/pages\/26","targetHints":{"allow":["GET"]}}],"collection":[{"href":"https:\/\/www.recirk.se\/index.php\/wp-json\/wp\/v2\/pages"}],"about":[{"href":"https:\/\/www.recirk.se\/index.php\/wp-json\/wp\/v2\/types\/page"}],"author":[{"embeddable":true,"href":"https:\/\/www.recirk.se\/index.php\/wp-json\/wp\/v2\/users\/1"}],"replies":[{"embeddable":true,"href":"https:\/\/www.recirk.se\/index.php\/wp-json\/wp\/v2\/comments?post=26"}],"version-history":[{"count":4,"href":"https:\/\/www.recirk.se\/index.php\/wp-json\/wp\/v2\/pages\/26\/revisions"}],"predecessor-version":[{"id":407,"href":"https:\/\/www.recirk.se\/index.php\/wp-json\/wp\/v2\/pages\/26\/revisions\/407"}],"wp:featuredmedia":[{"embeddable":true,"href":"https:\/\/www.recirk.se\/index.php\/wp-json\/wp\/v2\/media\/25"}],"wp:attachment":[{"href":"https:\/\/www.recirk.se\/index.php\/wp-json\/wp\/v2\/media?parent=26"}],"curies":[{"name":"wp","href":"https:\/\/api.w.org\/{rel}","templated":true}]}}