{"id":27,"date":"2012-09-11T10:22:06","date_gmt":"2012-09-11T10:22:06","guid":{"rendered":"https:\/\/www.recirk.se\/index.php\/genomforda-projekt\/"},"modified":"2023-11-02T08:52:19","modified_gmt":"2023-11-02T08:52:19","slug":"genomforda-projekt","status":"publish","type":"page","link":"https:\/\/www.recirk.se\/index.php\/genomforda-projekt\/","title":{"rendered":"Genomf\u00f6rda projekt"},"content":{"rendered":"\t\t<div data-elementor-type=\"wp-page\" data-elementor-id=\"27\" class=\"elementor elementor-27\" data-elementor-post-type=\"page\">\n\t\t\t\t<div class=\"elementor-element elementor-element-6117368c e-flex e-con-boxed e-con e-parent\" data-id=\"6117368c\" data-element_type=\"container\" data-e-type=\"container\">\n\t\t\t\t\t<div class=\"e-con-inner\">\n\t\t\t\t<div class=\"elementor-element elementor-element-c31489d elementor-widget elementor-widget-text-editor\" data-id=\"c31489d\" data-element_type=\"widget\" data-e-type=\"widget\" data-widget_type=\"text-editor.default\">\n\t\t\t\t<div class=\"elementor-widget-container\">\n\t\t\t\t\t\t\t\t\t<ul><li>\u00c5tervinning genom utkondensering av<br \/>R11 ur processluft fr\u00e5n fragmentering av kylm\u00f6bler<\/li><li>Sanering av mark och grundvatten under byggnad f\u00f6r tidigare kemtv\u00e4tt<\/li><li>Rening av f\u00f6rorenat b\u00e4ddvatten fr\u00e5n bergrum med flytande b\u00e4dd f\u00f6r lagring av bensin<\/li><li>System f\u00f6r rening av f\u00f6rorenat grundvatten i st\u00f6rre industriomr\u00e5de f\u00f6rorenat av klorerade kolv\u00e4ten<\/li><\/ul>\t\t\t\t\t\t\t\t<\/div>\n\t\t\t\t<\/div>\n\t\t\t\t<div class=\"elementor-element elementor-element-dc68a68 elementor-widget elementor-widget-spacer\" data-id=\"dc68a68\" data-element_type=\"widget\" data-e-type=\"widget\" data-widget_type=\"spacer.default\">\n\t\t\t\t<div class=\"elementor-widget-container\">\n\t\t\t\t\t\t\t<div class=\"elementor-spacer\">\n\t\t\t<div class=\"elementor-spacer-inner\"><\/div>\n\t\t<\/div>\n\t\t\t\t\t\t<\/div>\n\t\t\t\t<\/div>\n\t\t\t\t\t<\/div>\n\t\t\t\t<\/div>\n\t\t\t\t<\/div>\n\t\t","protected":false},"excerpt":{"rendered":"<p>\u00c5tervinning genom utkondensering avR11 ur processluft fr\u00e5n fragmentering av kylm\u00f6bler Sanering av mark och grundvatten under byggnad f\u00f6r tidigare kemtv\u00e4tt Rening av f\u00f6rorenat b\u00e4ddvatten fr\u00e5n bergrum med flytande b\u00e4dd f\u00f6r lagring av bensin System f\u00f6r rening av f\u00f6rorenat grundvatten i st\u00f6rre industriomr\u00e5de f\u00f6rorenat av klorerade kolv\u00e4ten<\/p>\n","protected":false},"author":1,"featured_media":0,"parent":0,"menu_order":23,"comment_status":"closed","ping_status":"closed","template":"","meta":{"footnotes":""},"class_list":["post-27","page","type-page","status-publish","hentry"],"_links":{"self":[{"href":"https:\/\/www.recirk.se\/index.php\/wp-json\/wp\/v2\/pages\/27","targetHints":{"allow":["GET"]}}],"collection":[{"href":"https:\/\/www.recirk.se\/index.php\/wp-json\/wp\/v2\/pages"}],"about":[{"href":"https:\/\/www.recirk.se\/index.php\/wp-json\/wp\/v2\/types\/page"}],"author":[{"embeddable":true,"href":"https:\/\/www.recirk.se\/index.php\/wp-json\/wp\/v2\/users\/1"}],"replies":[{"embeddable":true,"href":"https:\/\/www.recirk.se\/index.php\/wp-json\/wp\/v2\/comments?post=27"}],"version-history":[{"count":3,"href":"https:\/\/www.recirk.se\/index.php\/wp-json\/wp\/v2\/pages\/27\/revisions"}],"predecessor-version":[{"id":160,"href":"https:\/\/www.recirk.se\/index.php\/wp-json\/wp\/v2\/pages\/27\/revisions\/160"}],"wp:attachment":[{"href":"https:\/\/www.recirk.se\/index.php\/wp-json\/wp\/v2\/media?parent=27"}],"curies":[{"name":"wp","href":"https:\/\/api.w.org\/{rel}","templated":true}]}}