{"id":3,"date":"2012-08-30T06:36:52","date_gmt":"2012-08-30T06:36:52","guid":{"rendered":"https:\/\/www.recirk.se\/index.php\/startsidan\/"},"modified":"2024-12-20T13:42:51","modified_gmt":"2024-12-20T13:42:51","slug":"startsidan","status":"publish","type":"page","link":"https:\/\/www.recirk.se\/","title":{"rendered":"V\u00e4lkommen till Recirk"},"content":{"rendered":"\t\t<div data-elementor-type=\"wp-page\" data-elementor-id=\"3\" class=\"elementor elementor-3\" data-elementor-post-type=\"page\">\n\t\t\t\t<div class=\"elementor-element elementor-element-1fee1e77 e-flex e-con-boxed e-con e-parent\" data-id=\"1fee1e77\" data-element_type=\"container\" data-e-type=\"container\">\n\t\t\t\t\t<div class=\"e-con-inner\">\n\t\t\t\t<div class=\"elementor-element elementor-element-5a9c493c elementor-widget elementor-widget-text-editor\" data-id=\"5a9c493c\" data-element_type=\"widget\" data-e-type=\"widget\" data-widget_type=\"text-editor.default\">\n\t\t\t\t<div class=\"elementor-widget-container\">\n\t\t\t\t\t\t\t\t\t<h2>\u00a0\u00a0<\/h2><h2 style=\"text-align: center;\">H\u00c5LLBAR\u00a0 MILJ\u00d6TEKNIK F\u00d6R V\u00c5R FRAMTID<\/h2><h4>En h\u00e5llbar framtid kr\u00e4ver h\u00e5llbara tekniska l\u00f6sningar f\u00f6r att skydda oss m\u00e4nniskor och v\u00e5r milj\u00f6 vilket kr\u00e4ver innovationer och mod att testa ny teknik och framf\u00f6rh\u00e5llning.\u00a0<\/h4>\t\t\t\t\t\t\t\t<\/div>\n\t\t\t\t<\/div>\n\t\t\t\t\t<\/div>\n\t\t\t\t<\/div>\n\t\t<div class=\"elementor-element elementor-element-3aa2c2b e-flex e-con-boxed e-con e-parent\" data-id=\"3aa2c2b\" data-element_type=\"container\" data-e-type=\"container\">\n\t\t\t\t\t<div class=\"e-con-inner\">\n\t\t\t\t<div class=\"elementor-element elementor-element-76c7f97 elementor-widget__width-initial elementor-widget elementor-widget-image\" data-id=\"76c7f97\" data-element_type=\"widget\" data-e-type=\"widget\" data-widget_type=\"image.default\">\n\t\t\t\t<div class=\"elementor-widget-container\">\n\t\t\t\t\t\t\t\t\t\t\t\t\t\t\t<img fetchpriority=\"high\" decoding=\"async\" width=\"1280\" height=\"810\" src=\"https:\/\/www.recirk.se\/wp-content\/uploads\/2023\/11\/hands-4091879_1280-1.jpg\" class=\"attachment-full size-full wp-image-213\" alt=\"\" srcset=\"https:\/\/www.recirk.se\/wp-content\/uploads\/2023\/11\/hands-4091879_1280-1.jpg 1280w, https:\/\/www.recirk.se\/wp-content\/uploads\/2023\/11\/hands-4091879_1280-1-300x190.jpg 300w, https:\/\/www.recirk.se\/wp-content\/uploads\/2023\/11\/hands-4091879_1280-1-1024x648.jpg 1024w, https:\/\/www.recirk.se\/wp-content\/uploads\/2023\/11\/hands-4091879_1280-1-768x486.jpg 768w\" sizes=\"(max-width: 1280px) 100vw, 1280px\" \/>\t\t\t\t\t\t\t\t\t\t\t\t\t\t\t<\/div>\n\t\t\t\t<\/div>\n\t\t\t\t<div class=\"elementor-element elementor-element-25c1694 elementor-widget elementor-widget-spacer\" data-id=\"25c1694\" data-element_type=\"widget\" data-e-type=\"widget\" data-widget_type=\"spacer.default\">\n\t\t\t\t<div class=\"elementor-widget-container\">\n\t\t\t\t\t\t\t<div class=\"elementor-spacer\">\n\t\t\t<div class=\"elementor-spacer-inner\"><\/div>\n\t\t<\/div>\n\t\t\t\t\t\t<\/div>\n\t\t\t\t<\/div>\n\t\t\t\t\t<\/div>\n\t\t\t\t<\/div>\n\t\t\t\t<\/div>\n\t\t","protected":false},"excerpt":{"rendered":"<p>\u00a0\u00a0 H\u00c5LLBAR\u00a0 MILJ\u00d6TEKNIK F\u00d6R V\u00c5R FRAMTID En h\u00e5llbar framtid kr\u00e4ver h\u00e5llbara tekniska l\u00f6sningar f\u00f6r att skydda oss m\u00e4nniskor och v\u00e5r milj\u00f6 vilket kr\u00e4ver innovationer och mod att testa ny teknik och framf\u00f6rh\u00e5llning.\u00a0<\/p>\n","protected":false},"author":1,"featured_media":0,"parent":0,"menu_order":0,"comment_status":"closed","ping_status":"closed","template":"","meta":{"footnotes":""},"class_list":["post-3","page","type-page","status-publish","hentry"],"_links":{"self":[{"href":"https:\/\/www.recirk.se\/index.php\/wp-json\/wp\/v2\/pages\/3","targetHints":{"allow":["GET"]}}],"collection":[{"href":"https:\/\/www.recirk.se\/index.php\/wp-json\/wp\/v2\/pages"}],"about":[{"href":"https:\/\/www.recirk.se\/index.php\/wp-json\/wp\/v2\/types\/page"}],"author":[{"embeddable":true,"href":"https:\/\/www.recirk.se\/index.php\/wp-json\/wp\/v2\/users\/1"}],"replies":[{"embeddable":true,"href":"https:\/\/www.recirk.se\/index.php\/wp-json\/wp\/v2\/comments?post=3"}],"version-history":[{"count":39,"href":"https:\/\/www.recirk.se\/index.php\/wp-json\/wp\/v2\/pages\/3\/revisions"}],"predecessor-version":[{"id":446,"href":"https:\/\/www.recirk.se\/index.php\/wp-json\/wp\/v2\/pages\/3\/revisions\/446"}],"wp:attachment":[{"href":"https:\/\/www.recirk.se\/index.php\/wp-json\/wp\/v2\/media?parent=3"}],"curies":[{"name":"wp","href":"https:\/\/api.w.org\/{rel}","templated":true}]}}