{"id":30,"date":"2012-09-11T10:24:32","date_gmt":"2012-09-11T10:24:32","guid":{"rendered":"https:\/\/www.recirk.se\/index.php\/bergrumslager-bensinhaltigt-baddvatten\/"},"modified":"2023-11-02T09:20:52","modified_gmt":"2023-11-02T09:20:52","slug":"bergrumslager-bensinhaltigt-baddvatten","status":"publish","type":"page","link":"https:\/\/www.recirk.se\/index.php\/bergrumslager-bensinhaltigt-baddvatten\/","title":{"rendered":"Bergrumslager bensinhaltigt b\u00e4ddvatten"},"content":{"rendered":"\t\t<div data-elementor-type=\"wp-page\" data-elementor-id=\"30\" class=\"elementor elementor-30\" data-elementor-post-type=\"page\">\n\t\t\t\t<div class=\"elementor-element elementor-element-a4053e2 e-flex e-con-boxed e-con e-parent\" data-id=\"a4053e2\" data-element_type=\"container\" data-e-type=\"container\">\n\t\t\t\t\t<div class=\"e-con-inner\">\n\t\t<div class=\"elementor-element elementor-element-6df5fdb e-con-full e-flex e-con e-child\" data-id=\"6df5fdb\" data-element_type=\"container\" data-e-type=\"container\">\n\t\t\t\t<div class=\"elementor-element elementor-element-be26d3d elementor-widget elementor-widget-image\" data-id=\"be26d3d\" data-element_type=\"widget\" data-e-type=\"widget\" data-widget_type=\"image.default\">\n\t\t\t\t<div class=\"elementor-widget-container\">\n\t\t\t\t\t\t\t\t\t\t\t\t\t\t\t<img decoding=\"async\" src=\"https:\/\/www.recirk.se\/wp-content\/uploads\/elementor\/thumbs\/Djurgardsberg_installerad-hela-qeru5386ru91m2xdmy0fx9r2dh21vxffag6bbhs740.jpg\" title=\"Djurgardsberg_installerad-hela\" alt=\"Djurgardsberg_installerad-hela\" loading=\"lazy\" \/>\t\t\t\t\t\t\t\t\t\t\t\t\t\t\t<\/div>\n\t\t\t\t<\/div>\n\t\t\t\t<\/div>\n\t\t<div class=\"elementor-element elementor-element-7d21256 e-con-full e-flex e-con e-child\" data-id=\"7d21256\" data-element_type=\"container\" data-e-type=\"container\">\n\t\t\t\t<div class=\"elementor-element elementor-element-fd5c6f3 elementor-widget elementor-widget-text-editor\" data-id=\"fd5c6f3\" data-element_type=\"widget\" data-e-type=\"widget\" data-widget_type=\"text-editor.default\">\n\t\t\t\t<div class=\"elementor-widget-container\">\n\t\t\t\t\t\t\t\t\tFast anl\u00e4ggning f\u00f6r rening av inl\u00e4ckande grundvatten 8 m3\/h med stripping, uppkoncentrering och katalytisk f\u00f6rbr\u00e4nning.\t\t\t\t\t\t\t\t<\/div>\n\t\t\t\t<\/div>\n\t\t\t\t<\/div>\n\t\t<div class=\"elementor-element elementor-element-7536fec e-con-full e-flex e-con e-child\" data-id=\"7536fec\" data-element_type=\"container\" data-e-type=\"container\">\n\t\t\t\t<div class=\"elementor-element elementor-element-96da51e elementor-widget elementor-widget-text-editor\" data-id=\"96da51e\" data-element_type=\"widget\" data-e-type=\"widget\" data-widget_type=\"text-editor.default\">\n\t\t\t\t<div class=\"elementor-widget-container\">\n\t\t\t\t\t\t\t\t\t<p>Mobil anl\u00e4ggning f\u00f6r t\u00f6mning av bensinbergrumsvatten<br \/>60 m3\/h med stripping, uppkoncentrering och katalytisk<br \/>f\u00f6rbr\u00e4nning.<\/p>\t\t\t\t\t\t\t\t<\/div>\n\t\t\t\t<\/div>\n\t\t\t\t<\/div>\n\t\t<div class=\"elementor-element elementor-element-9c0d412 e-con-full e-flex e-con e-child\" data-id=\"9c0d412\" data-element_type=\"container\" data-e-type=\"container\">\n\t\t\t\t<div class=\"elementor-element elementor-element-c751756 elementor-widget elementor-widget-image\" data-id=\"c751756\" data-element_type=\"widget\" data-e-type=\"widget\" data-widget_type=\"image.default\">\n\t\t\t\t<div class=\"elementor-widget-container\">\n\t\t\t\t\t\t\t\t\t\t\t\t\t\t\t<img decoding=\"async\" src=\"https:\/\/www.recirk.se\/wp-content\/uploads\/elementor\/thumbs\/statoil_nacka-qeru5386ru91m2xdmy0fx9r2dh21vxffag6bbhs740.jpg\" title=\"statoil_nacka\" alt=\"statoil_nacka\" loading=\"lazy\" \/>\t\t\t\t\t\t\t\t\t\t\t\t\t\t\t<\/div>\n\t\t\t\t<\/div>\n\t\t\t\t<\/div>\n\t\t\t\t\t<\/div>\n\t\t\t\t<\/div>\n\t\t<div class=\"elementor-element elementor-element-1dfafa8e e-flex e-con-boxed e-con e-parent\" data-id=\"1dfafa8e\" data-element_type=\"container\" data-e-type=\"container\">\n\t\t\t\t\t<div class=\"e-con-inner\">\n\t\t\t\t<div class=\"elementor-element elementor-element-f5c1e21 elementor-widget elementor-widget-text-editor\" data-id=\"f5c1e21\" data-element_type=\"widget\" data-e-type=\"widget\" data-widget_type=\"text-editor.default\">\n\t\t\t\t<div class=\"elementor-widget-container\">\n\t\t\t\t\t\t\t\t\t<p>Flertalet projekt har genomf\u00f6rts f\u00f6r rening av bensinhaltigt b\u00e4ddvatten vid lagring i bergrum dels som fasta installationer och dels som tillf\u00e4lliga l\u00f6sningar med mobila anl\u00e4ggningar.<\/p>\t\t\t\t\t\t\t\t<\/div>\n\t\t\t\t<\/div>\n\t\t\t\t<div class=\"elementor-element elementor-element-0459630 elementor-widget elementor-widget-spacer\" data-id=\"0459630\" data-element_type=\"widget\" data-e-type=\"widget\" data-widget_type=\"spacer.default\">\n\t\t\t\t<div class=\"elementor-widget-container\">\n\t\t\t\t\t\t\t<div class=\"elementor-spacer\">\n\t\t\t<div class=\"elementor-spacer-inner\"><\/div>\n\t\t<\/div>\n\t\t\t\t\t\t<\/div>\n\t\t\t\t<\/div>\n\t\t\t\t\t<\/div>\n\t\t\t\t<\/div>\n\t\t\t\t<\/div>\n\t\t","protected":false},"excerpt":{"rendered":"<p>Fast anl\u00e4ggning f\u00f6r rening av inl\u00e4ckande grundvatten 8 m3\/h med stripping, uppkoncentrering och katalytisk f\u00f6rbr\u00e4nning. Mobil anl\u00e4ggning f\u00f6r t\u00f6mning av bensinbergrumsvatten60 m3\/h med stripping, uppkoncentrering och katalytiskf\u00f6rbr\u00e4nning. Flertalet projekt har genomf\u00f6rts f\u00f6r rening av bensinhaltigt b\u00e4ddvatten vid lagring i bergrum dels som fasta installationer och dels som tillf\u00e4lliga l\u00f6sningar med mobila anl\u00e4ggningar.<\/p>\n","protected":false},"author":1,"featured_media":28,"parent":0,"menu_order":22,"comment_status":"closed","ping_status":"closed","template":"","meta":{"footnotes":""},"class_list":["post-30","page","type-page","status-publish","has-post-thumbnail","hentry"],"_links":{"self":[{"href":"https:\/\/www.recirk.se\/index.php\/wp-json\/wp\/v2\/pages\/30","targetHints":{"allow":["GET"]}}],"collection":[{"href":"https:\/\/www.recirk.se\/index.php\/wp-json\/wp\/v2\/pages"}],"about":[{"href":"https:\/\/www.recirk.se\/index.php\/wp-json\/wp\/v2\/types\/page"}],"author":[{"embeddable":true,"href":"https:\/\/www.recirk.se\/index.php\/wp-json\/wp\/v2\/users\/1"}],"replies":[{"embeddable":true,"href":"https:\/\/www.recirk.se\/index.php\/wp-json\/wp\/v2\/comments?post=30"}],"version-history":[{"count":6,"href":"https:\/\/www.recirk.se\/index.php\/wp-json\/wp\/v2\/pages\/30\/revisions"}],"predecessor-version":[{"id":193,"href":"https:\/\/www.recirk.se\/index.php\/wp-json\/wp\/v2\/pages\/30\/revisions\/193"}],"wp:featuredmedia":[{"embeddable":true,"href":"https:\/\/www.recirk.se\/index.php\/wp-json\/wp\/v2\/media\/28"}],"wp:attachment":[{"href":"https:\/\/www.recirk.se\/index.php\/wp-json\/wp\/v2\/media?parent=30"}],"curies":[{"name":"wp","href":"https:\/\/api.w.org\/{rel}","templated":true}]}}