{"id":34,"date":"2012-09-11T10:25:37","date_gmt":"2012-09-11T10:25:37","guid":{"rendered":"https:\/\/www.recirk.se\/index.php\/kemtvatt-sanering\/"},"modified":"2023-11-02T09:04:14","modified_gmt":"2023-11-02T09:04:14","slug":"kemtvatt-sanering","status":"publish","type":"page","link":"https:\/\/www.recirk.se\/index.php\/kemtvatt-sanering\/","title":{"rendered":"Kemtv\u00e4tt sanering"},"content":{"rendered":"\t\t<div data-elementor-type=\"wp-page\" data-elementor-id=\"34\" class=\"elementor elementor-34\" data-elementor-post-type=\"page\">\n\t\t\t\t<div class=\"elementor-element elementor-element-30f130a e-flex e-con-boxed e-con e-parent\" data-id=\"30f130a\" data-element_type=\"container\" data-e-type=\"container\">\n\t\t\t\t\t<div class=\"e-con-inner\">\n\t\t<div class=\"elementor-element elementor-element-1ac65a8 e-con-full e-flex e-con e-child\" data-id=\"1ac65a8\" data-element_type=\"container\" data-e-type=\"container\">\n\t\t\t\t<div class=\"elementor-element elementor-element-4b4b736 elementor-widget elementor-widget-image\" data-id=\"4b4b736\" data-element_type=\"widget\" data-e-type=\"widget\" data-widget_type=\"image.default\">\n\t\t\t\t<div class=\"elementor-widget-container\">\n\t\t\t\t\t\t\t\t\t\t\t\t<figure class=\"wp-caption\">\n\t\t\t\t\t\t\t\t\t\t<img fetchpriority=\"high\" decoding=\"async\" width=\"448\" height=\"303\" src=\"https:\/\/www.recirk.se\/wp-content\/uploads\/2012\/09\/Lerum_vakumbrunn.jpg\" class=\"attachment-large size-large wp-image-31\" alt=\"\" srcset=\"https:\/\/www.recirk.se\/wp-content\/uploads\/2012\/09\/Lerum_vakumbrunn.jpg 448w, https:\/\/www.recirk.se\/wp-content\/uploads\/2012\/09\/Lerum_vakumbrunn-300x203.jpg 300w\" sizes=\"(max-width: 448px) 100vw, 448px\" \/>\t\t\t\t\t\t\t\t\t\t\t<figcaption class=\"widget-image-caption wp-caption-text\">Vakuumbrunn f\u00f6r extraktion av mark under byggnad<\/figcaption>\n\t\t\t\t\t\t\t\t\t\t<\/figure>\n\t\t\t\t\t\t\t\t\t<\/div>\n\t\t\t\t<\/div>\n\t\t\t\t<\/div>\n\t\t<div class=\"elementor-element elementor-element-6f17948 e-con-full e-flex e-con e-child\" data-id=\"6f17948\" data-element_type=\"container\" data-e-type=\"container\">\n\t\t\t\t<div class=\"elementor-element elementor-element-c35802f elementor-widget elementor-widget-image\" data-id=\"c35802f\" data-element_type=\"widget\" data-e-type=\"widget\" data-widget_type=\"image.default\">\n\t\t\t\t<div class=\"elementor-widget-container\">\n\t\t\t\t\t\t\t\t\t\t\t\t<figure class=\"wp-caption\">\n\t\t\t\t\t\t\t\t\t\t<img decoding=\"async\" width=\"800\" height=\"528\" src=\"https:\/\/www.recirk.se\/wp-content\/uploads\/2012\/09\/lerum_geologi.jpg\" class=\"attachment-large size-large wp-image-32\" alt=\"\" srcset=\"https:\/\/www.recirk.se\/wp-content\/uploads\/2012\/09\/lerum_geologi.jpg 1024w, https:\/\/www.recirk.se\/wp-content\/uploads\/2012\/09\/lerum_geologi-300x198.jpg 300w, https:\/\/www.recirk.se\/wp-content\/uploads\/2012\/09\/lerum_geologi-768x507.jpg 768w\" sizes=\"(max-width: 800px) 100vw, 800px\" \/>\t\t\t\t\t\t\t\t\t\t\t<figcaption class=\"widget-image-caption wp-caption-text\">Geologiskttv\u00e4rsnitt under kemtv\u00e4ttsbyggnad med jordarter och brunnar f\u00f6r grundvattenextraktion.<\/figcaption>\n\t\t\t\t\t\t\t\t\t\t<\/figure>\n\t\t\t\t\t\t\t\t\t<\/div>\n\t\t\t\t<\/div>\n\t\t\t\t<\/div>\n\t\t<div class=\"elementor-element elementor-element-4a6d3a7 e-con-full e-flex e-con e-child\" data-id=\"4a6d3a7\" data-element_type=\"container\" data-e-type=\"container\">\n\t\t\t\t<div class=\"elementor-element elementor-element-a476ec4 elementor-widget elementor-widget-image\" data-id=\"a476ec4\" data-element_type=\"widget\" data-e-type=\"widget\" data-widget_type=\"image.default\">\n\t\t\t\t<div class=\"elementor-widget-container\">\n\t\t\t\t\t\t\t\t\t\t\t\t<figure class=\"wp-caption\">\n\t\t\t\t\t\t\t\t\t\t<img decoding=\"async\" width=\"281\" height=\"206\" src=\"https:\/\/www.recirk.se\/wp-content\/uploads\/2012\/09\/lerum_container.jpg\" class=\"attachment-large size-large wp-image-33\" alt=\"\" \/>\t\t\t\t\t\t\t\t\t\t\t<figcaption class=\"widget-image-caption wp-caption-text\">Container inneh\u00e5llande reningsutrustning best\u00e5ende av stripper och fast adsorbtionsb\u00e4dd.<\/figcaption>\n\t\t\t\t\t\t\t\t\t\t<\/figure>\n\t\t\t\t\t\t\t\t\t<\/div>\n\t\t\t\t<\/div>\n\t\t\t\t<\/div>\n\t\t\t\t\t<\/div>\n\t\t\t\t<\/div>\n\t\t<div class=\"elementor-element elementor-element-5910051 e-flex e-con-boxed e-con e-parent\" data-id=\"5910051\" data-element_type=\"container\" data-e-type=\"container\">\n\t\t\t\t\t<div class=\"e-con-inner\">\n\t\t\t\t<div class=\"elementor-element elementor-element-33d00ec elementor-widget elementor-widget-text-editor\" data-id=\"33d00ec\" data-element_type=\"widget\" data-e-type=\"widget\" data-widget_type=\"text-editor.default\">\n\t\t\t\t<div class=\"elementor-widget-container\">\n\t\t\t\t\t\t\t\t\t<p>Vid en av V\u00e4stsveriges st\u00f6rsta kemtv\u00e4ttar som lades ned 1991 Konstaterades att mark och grundvattnet under tv\u00e4tten var starkt f\u00f6rorenat med perkloretylen som anv\u00e4nts vid tv\u00e4tten. F\u00f6roreningarna har uppkommit genom slarva med hanteringen av kemikalien och genom att spill skett p\u00e5 golv och till golvbrunnar varvid perkloretylenen tr\u00e4ngt igenom betongplatta och r\u00f6r och f\u00f6rorenat mark och grundvatten.<br \/>Byggnaden som tv\u00e4tten legat i och som st\u00e5tt tom under 10 \u00e5r \u00e4r bel\u00e4gen p\u00e5 en plats som beh\u00f6vdes f\u00f6r utbyggnad av en skola. I st\u00e4llet f\u00f6r att riva byggnaden och schakta bort underliggande jordmassor genomf\u00f6rdes en in situ sanering med vakuumextraktion av jordmassor under byggnaden och sanering av grundvattnet genom att strippa av perkloretylenen och \u00e5terinfiltrerar grundvattnet. Avl\u00e4gsnad perkloretylen samlades upp i en fast adsorbtionsb\u00e4dd som regenererades ca: 2 ggr\/m\u00e5nad. Projektet p\u00e5gick i 3 \u00e5r varvid ca 5 ton perkloretylen avl\u00e4gsnades.<br \/>Byggnaden renoverades med s\u00e4rskild h\u00e4nsyn till situationen med t\u00e4ta golv och \u00f6vertrycksventillation.<br \/>Vakuumextrationsfl\u00f6de: 500 nm3\/h<br \/>Grundvattenfl\u00f6de: 4 m3\/h<\/p>\t\t\t\t\t\t\t\t<\/div>\n\t\t\t\t<\/div>\n\t\t\t\t<div class=\"elementor-element elementor-element-2970bc5 elementor-widget elementor-widget-spacer\" data-id=\"2970bc5\" data-element_type=\"widget\" data-e-type=\"widget\" data-widget_type=\"spacer.default\">\n\t\t\t\t<div class=\"elementor-widget-container\">\n\t\t\t\t\t\t\t<div class=\"elementor-spacer\">\n\t\t\t<div class=\"elementor-spacer-inner\"><\/div>\n\t\t<\/div>\n\t\t\t\t\t\t<\/div>\n\t\t\t\t<\/div>\n\t\t\t\t\t<\/div>\n\t\t\t\t<\/div>\n\t\t\t\t<\/div>\n\t\t","protected":false},"excerpt":{"rendered":"<p>Vakuumbrunn f\u00f6r extraktion av mark under byggnad Geologiskttv\u00e4rsnitt under kemtv\u00e4ttsbyggnad med jordarter och brunnar f\u00f6r grundvattenextraktion. Container inneh\u00e5llande reningsutrustning best\u00e5ende av stripper och fast adsorbtionsb\u00e4dd. Vid en av V\u00e4stsveriges st\u00f6rsta kemtv\u00e4ttar som lades ned 1991 Konstaterades att mark och grundvattnet under tv\u00e4tten var starkt f\u00f6rorenat med perkloretylen som anv\u00e4nts vid tv\u00e4tten. F\u00f6roreningarna har uppkommit genom [&hellip;]<\/p>\n","protected":false},"author":1,"featured_media":31,"parent":0,"menu_order":21,"comment_status":"closed","ping_status":"closed","template":"","meta":{"footnotes":""},"class_list":["post-34","page","type-page","status-publish","has-post-thumbnail","hentry"],"_links":{"self":[{"href":"https:\/\/www.recirk.se\/index.php\/wp-json\/wp\/v2\/pages\/34","targetHints":{"allow":["GET"]}}],"collection":[{"href":"https:\/\/www.recirk.se\/index.php\/wp-json\/wp\/v2\/pages"}],"about":[{"href":"https:\/\/www.recirk.se\/index.php\/wp-json\/wp\/v2\/types\/page"}],"author":[{"embeddable":true,"href":"https:\/\/www.recirk.se\/index.php\/wp-json\/wp\/v2\/users\/1"}],"replies":[{"embeddable":true,"href":"https:\/\/www.recirk.se\/index.php\/wp-json\/wp\/v2\/comments?post=34"}],"version-history":[{"count":3,"href":"https:\/\/www.recirk.se\/index.php\/wp-json\/wp\/v2\/pages\/34\/revisions"}],"predecessor-version":[{"id":175,"href":"https:\/\/www.recirk.se\/index.php\/wp-json\/wp\/v2\/pages\/34\/revisions\/175"}],"wp:featuredmedia":[{"embeddable":true,"href":"https:\/\/www.recirk.se\/index.php\/wp-json\/wp\/v2\/media\/31"}],"wp:attachment":[{"href":"https:\/\/www.recirk.se\/index.php\/wp-json\/wp\/v2\/media?parent=34"}],"curies":[{"name":"wp","href":"https:\/\/api.w.org\/{rel}","templated":true}]}}