{"id":37,"date":"2012-09-11T10:26:34","date_gmt":"2012-09-11T10:26:34","guid":{"rendered":"https:\/\/www.recirk.se\/index.php\/kondensering-av-r11\/"},"modified":"2023-11-02T09:12:50","modified_gmt":"2023-11-02T09:12:50","slug":"kondensering-av-r11","status":"publish","type":"page","link":"https:\/\/www.recirk.se\/index.php\/kondensering-av-r11\/","title":{"rendered":"Kondensering av R11"},"content":{"rendered":"\t\t<div data-elementor-type=\"wp-page\" data-elementor-id=\"37\" class=\"elementor elementor-37\" data-elementor-post-type=\"page\">\n\t\t\t\t<div class=\"elementor-element elementor-element-7cd5c38 e-flex e-con-boxed e-con e-parent\" data-id=\"7cd5c38\" data-element_type=\"container\" data-e-type=\"container\">\n\t\t\t\t\t<div class=\"e-con-inner\">\n\t\t<div class=\"elementor-element elementor-element-03b2d23 e-con-full e-flex e-con e-child\" data-id=\"03b2d23\" data-element_type=\"container\" data-e-type=\"container\">\n\t\t\t\t<div class=\"elementor-element elementor-element-08e5901 elementor-widget elementor-widget-image\" data-id=\"08e5901\" data-element_type=\"widget\" data-e-type=\"widget\" data-widget_type=\"image.default\">\n\t\t\t\t<div class=\"elementor-widget-container\">\n\t\t\t\t\t\t\t\t\t\t\t\t\t\t\t<img fetchpriority=\"high\" decoding=\"async\" width=\"382\" height=\"277\" src=\"https:\/\/www.recirk.se\/wp-content\/uploads\/2012\/09\/Stena_Oslo_rack.jpg\" class=\"attachment-large size-large wp-image-35\" alt=\"\" srcset=\"https:\/\/www.recirk.se\/wp-content\/uploads\/2012\/09\/Stena_Oslo_rack.jpg 382w, https:\/\/www.recirk.se\/wp-content\/uploads\/2012\/09\/Stena_Oslo_rack-300x218.jpg 300w\" sizes=\"(max-width: 382px) 100vw, 382px\" \/>\t\t\t\t\t\t\t\t\t\t\t\t\t\t\t<\/div>\n\t\t\t\t<\/div>\n\t\t\t\t<\/div>\n\t\t<div class=\"elementor-element elementor-element-4694407 e-con-full e-flex e-con e-child\" data-id=\"4694407\" data-element_type=\"container\" data-e-type=\"container\">\n\t\t\t\t<div class=\"elementor-element elementor-element-510ebb3 elementor-widget elementor-widget-image\" data-id=\"510ebb3\" data-element_type=\"widget\" data-e-type=\"widget\" data-widget_type=\"image.default\">\n\t\t\t\t<div class=\"elementor-widget-container\">\n\t\t\t\t\t\t\t\t\t\t\t\t\t\t\t<img decoding=\"async\" width=\"375\" height=\"257\" src=\"https:\/\/www.recirk.se\/wp-content\/uploads\/2012\/09\/Stena_-Oslo_-entresol.jpg\" class=\"attachment-large size-large wp-image-36\" alt=\"\" srcset=\"https:\/\/www.recirk.se\/wp-content\/uploads\/2012\/09\/Stena_-Oslo_-entresol.jpg 375w, https:\/\/www.recirk.se\/wp-content\/uploads\/2012\/09\/Stena_-Oslo_-entresol-300x206.jpg 300w\" sizes=\"(max-width: 375px) 100vw, 375px\" \/>\t\t\t\t\t\t\t\t\t\t\t\t\t\t\t<\/div>\n\t\t\t\t<\/div>\n\t\t\t\t<\/div>\n\t\t\t\t\t<\/div>\n\t\t\t\t<\/div>\n\t\t<div class=\"elementor-element elementor-element-580836d3 e-flex e-con-boxed e-con e-parent\" data-id=\"580836d3\" data-element_type=\"container\" data-e-type=\"container\">\n\t\t\t\t\t<div class=\"e-con-inner\">\n\t\t\t\t<div class=\"elementor-element elementor-element-49e9791 elementor-widget elementor-widget-text-editor\" data-id=\"49e9791\" data-element_type=\"widget\" data-e-type=\"widget\" data-widget_type=\"text-editor.default\">\n\t\t\t\t<div class=\"elementor-widget-container\">\n\t\t\t\t\t\t\t\t\t<p>Vid skrotning av kylm\u00f6bler fragmenteras m\u00f6blerna efter det att kompressorer och k\u00f6ldmedia avl\u00e4gsnats. De fragmenterade delarna fraktioneras i olika fasta best\u00e5ndsdelar som metaller och plaster f\u00f6r vidare \u00e5tervinning eller destruktion. Fr\u00e5n fragmenteringsanl\u00e4ggningen erh\u00e5lls en processgas inneh\u00e5llande R11 fr\u00e5n isoleringsmaterialet som m\u00e5ste destrueras d\u00e5 R11 \u00e4r ett \u00e4mne som bryter ned ozonskicktet.<br \/>I anl\u00e4ggningen kondenseras R11 ut fr\u00e5n processgaserna f\u00f6r att destrueras extern.<br \/>Levererade anl\u00e4ggningars kapacitet:\u00a030 kg R11\/tim.\u00a0\u00a0<\/p>\t\t\t\t\t\t\t\t<\/div>\n\t\t\t\t<\/div>\n\t\t\t\t<div class=\"elementor-element elementor-element-a8a1e57 elementor-widget elementor-widget-spacer\" data-id=\"a8a1e57\" data-element_type=\"widget\" data-e-type=\"widget\" data-widget_type=\"spacer.default\">\n\t\t\t\t<div class=\"elementor-widget-container\">\n\t\t\t\t\t\t\t<div class=\"elementor-spacer\">\n\t\t\t<div class=\"elementor-spacer-inner\"><\/div>\n\t\t<\/div>\n\t\t\t\t\t\t<\/div>\n\t\t\t\t<\/div>\n\t\t\t\t\t<\/div>\n\t\t\t\t<\/div>\n\t\t\t\t<\/div>\n\t\t","protected":false},"excerpt":{"rendered":"<p>Vid skrotning av kylm\u00f6bler fragmenteras m\u00f6blerna efter det att kompressorer och k\u00f6ldmedia avl\u00e4gsnats. De fragmenterade delarna fraktioneras i olika fasta best\u00e5ndsdelar som metaller och plaster f\u00f6r vidare \u00e5tervinning eller destruktion. Fr\u00e5n fragmenteringsanl\u00e4ggningen erh\u00e5lls en processgas inneh\u00e5llande R11 fr\u00e5n isoleringsmaterialet som m\u00e5ste destrueras d\u00e5 R11 \u00e4r ett \u00e4mne som bryter ned ozonskicktet.I anl\u00e4ggningen kondenseras R11 ut [&hellip;]<\/p>\n","protected":false},"author":1,"featured_media":35,"parent":0,"menu_order":20,"comment_status":"closed","ping_status":"closed","template":"","meta":{"footnotes":""},"class_list":["post-37","page","type-page","status-publish","has-post-thumbnail","hentry"],"_links":{"self":[{"href":"https:\/\/www.recirk.se\/index.php\/wp-json\/wp\/v2\/pages\/37","targetHints":{"allow":["GET"]}}],"collection":[{"href":"https:\/\/www.recirk.se\/index.php\/wp-json\/wp\/v2\/pages"}],"about":[{"href":"https:\/\/www.recirk.se\/index.php\/wp-json\/wp\/v2\/types\/page"}],"author":[{"embeddable":true,"href":"https:\/\/www.recirk.se\/index.php\/wp-json\/wp\/v2\/users\/1"}],"replies":[{"embeddable":true,"href":"https:\/\/www.recirk.se\/index.php\/wp-json\/wp\/v2\/comments?post=37"}],"version-history":[{"count":3,"href":"https:\/\/www.recirk.se\/index.php\/wp-json\/wp\/v2\/pages\/37\/revisions"}],"predecessor-version":[{"id":178,"href":"https:\/\/www.recirk.se\/index.php\/wp-json\/wp\/v2\/pages\/37\/revisions\/178"}],"wp:featuredmedia":[{"embeddable":true,"href":"https:\/\/www.recirk.se\/index.php\/wp-json\/wp\/v2\/media\/35"}],"wp:attachment":[{"href":"https:\/\/www.recirk.se\/index.php\/wp-json\/wp\/v2\/media?parent=37"}],"curies":[{"name":"wp","href":"https:\/\/api.w.org\/{rel}","templated":true}]}}