{"id":40,"date":"2012-09-11T10:27:27","date_gmt":"2012-09-11T10:27:27","guid":{"rendered":"https:\/\/www.recirk.se\/index.php\/verkstadsindustri-sanering\/"},"modified":"2023-11-02T09:16:24","modified_gmt":"2023-11-02T09:16:24","slug":"verkstadsindustri-sanering","status":"publish","type":"page","link":"https:\/\/www.recirk.se\/index.php\/verkstadsindustri-sanering\/","title":{"rendered":"Verkstadsindustri sanering"},"content":{"rendered":"\t\t<div data-elementor-type=\"wp-page\" data-elementor-id=\"40\" class=\"elementor elementor-40\" data-elementor-post-type=\"page\">\n\t\t\t\t<div class=\"elementor-element elementor-element-985a2a9 e-flex e-con-boxed e-con e-parent\" data-id=\"985a2a9\" data-element_type=\"container\" data-e-type=\"container\">\n\t\t\t\t\t<div class=\"e-con-inner\">\n\t\t<div class=\"elementor-element elementor-element-6c10635 e-con-full e-flex e-con e-child\" data-id=\"6c10635\" data-element_type=\"container\" data-e-type=\"container\">\n\t\t\t\t<div class=\"elementor-element elementor-element-a1b747a elementor-widget elementor-widget-image\" data-id=\"a1b747a\" data-element_type=\"widget\" data-e-type=\"widget\" data-widget_type=\"image.default\">\n\t\t\t\t<div class=\"elementor-widget-container\">\n\t\t\t\t\t\t\t\t\t\t\t\t<figure class=\"wp-caption\">\n\t\t\t\t\t\t\t\t\t\t<img decoding=\"async\" src=\"https:\/\/www.recirk.se\/wp-content\/uploads\/elementor\/thumbs\/Elux_Lehel-Mobilt_kolfilter-qeru5386ru91m2xdmy0fx9r2dh21vxffag6bbhs740.jpg\" title=\"Elux_Lehel-Mobilt_kolfilter\" alt=\"Elux_Lehel-Mobilt_kolfilter\" loading=\"lazy\" \/>\t\t\t\t\t\t\t\t\t\t\t<figcaption class=\"widget-image-caption wp-caption-text\">Bubbelkammarstripper och mobil fast b\u00e4dd f\u00f6r rening av stripperluft fr\u00e5n rening av grundvatten.<\/figcaption>\n\t\t\t\t\t\t\t\t\t\t<\/figure>\n\t\t\t\t\t\t\t\t\t<\/div>\n\t\t\t\t<\/div>\n\t\t\t\t<\/div>\n\t\t<div class=\"elementor-element elementor-element-df9a305 e-con-full e-flex e-con e-child\" data-id=\"df9a305\" data-element_type=\"container\" data-e-type=\"container\">\n\t\t\t\t<div class=\"elementor-element elementor-element-f38aca6 elementor-widget elementor-widget-image\" data-id=\"f38aca6\" data-element_type=\"widget\" data-e-type=\"widget\" data-widget_type=\"image.default\">\n\t\t\t\t<div class=\"elementor-widget-container\">\n\t\t\t\t\t\t\t\t\t\t\t\t<figure class=\"wp-caption\">\n\t\t\t\t\t\t\t\t\t\t<img decoding=\"async\" src=\"https:\/\/www.recirk.se\/wp-content\/uploads\/elementor\/thumbs\/Elux_Lehel_Regenereringsstaion-qeru5386ru91m2xdmy0fx9r2dh21vxffag6bbhs740.jpg\" title=\"Elux_Lehel_Regenereringsstaion\" alt=\"Elux_Lehel_Regenereringsstaion\" loading=\"lazy\" \/>\t\t\t\t\t\t\t\t\t\t\t<figcaption class=\"widget-image-caption wp-caption-text\">Station f\u00f6r regenerering av mobila fasta b\u00e4ddar med \u00e5nga d\u00e4r klorerade kolv\u00e4ten kondenseras ut kolv\u00e4tena destrueras externt.<\/figcaption>\n\t\t\t\t\t\t\t\t\t\t<\/figure>\n\t\t\t\t\t\t\t\t\t<\/div>\n\t\t\t\t<\/div>\n\t\t\t\t<\/div>\n\t\t\t\t\t<\/div>\n\t\t\t\t<\/div>\n\t\t<div class=\"elementor-element elementor-element-4e78067 e-flex e-con-boxed e-con e-parent\" data-id=\"4e78067\" data-element_type=\"container\" data-e-type=\"container\">\n\t\t\t\t\t<div class=\"e-con-inner\">\n\t\t\t\t<div class=\"elementor-element elementor-element-30a7cab elementor-widget elementor-widget-text-editor\" data-id=\"30a7cab\" data-element_type=\"widget\" data-e-type=\"widget\" data-widget_type=\"text-editor.default\">\n\t\t\t\t<div class=\"elementor-widget-container\">\n\t\t\t\t\t\t\t\t\t<p>Vid en st\u00f6rre verkstadsindustri i Ungern som visade sig kraftigt f\u00f6rorenad av farligt avfall fr\u00e5n tidigare verksamhet har en av Europas st\u00f6rsta saneringsprojekt genomf\u00f6rts. Saneringen har skett p\u00e5 olika s\u00e4tt med borttransport av de mest f\u00f6rorenade jordmassorna f\u00f6r extern destruktion, deponering av andra massor i en t\u00e4tad deponi p\u00e5 200 000 m3 f\u00f6rsedd med lakvattenrening samt biologisk behandling av fr\u00e4mst oljef\u00f6rorenade jordmassor.<br \/>D\u00e5 grundvattnet under industriomr\u00e5det visade sig vara kraftigt f\u00f6rorenat av i f\u00f6rsta hand klorerade kolv\u00e4ten sker rening av grundvattnet i omr\u00e5det i 10 st grundvattenextraktionsbrunnar med strippingmetoden. Vissa utsl\u00e4pp fr\u00e5n stripprarna kan ej inneh\u00e5lla EU\u2019s VOC \u2013 direktiv varf\u00f6r dessa f\u00f6rsetts med fasta adsorbtionsb\u00e4ddar med aktivt kol. Filtren \u00e4r regenererbara vilket sker ca: 1 ggr\/m\u00e5nad d\u00e5 dom flyttas till en station d\u00e4r regenereringen sker med \u00e5nga och de klorerade kolv\u00e4tena utondenseras f\u00f6r extern destruktion.\u00a0\u00a0<\/p>\t\t\t\t\t\t\t\t<\/div>\n\t\t\t\t<\/div>\n\t\t\t\t<div class=\"elementor-element elementor-element-6ea1e65 elementor-widget elementor-widget-spacer\" data-id=\"6ea1e65\" data-element_type=\"widget\" data-e-type=\"widget\" data-widget_type=\"spacer.default\">\n\t\t\t\t<div class=\"elementor-widget-container\">\n\t\t\t\t\t\t\t<div class=\"elementor-spacer\">\n\t\t\t<div class=\"elementor-spacer-inner\"><\/div>\n\t\t<\/div>\n\t\t\t\t\t\t<\/div>\n\t\t\t\t<\/div>\n\t\t\t\t\t<\/div>\n\t\t\t\t<\/div>\n\t\t\t\t<\/div>\n\t\t","protected":false},"excerpt":{"rendered":"<p>Bubbelkammarstripper och mobil fast b\u00e4dd f\u00f6r rening av stripperluft fr\u00e5n rening av grundvatten. Station f\u00f6r regenerering av mobila fasta b\u00e4ddar med \u00e5nga d\u00e4r klorerade kolv\u00e4ten kondenseras ut kolv\u00e4tena destrueras externt. Vid en st\u00f6rre verkstadsindustri i Ungern som visade sig kraftigt f\u00f6rorenad av farligt avfall fr\u00e5n tidigare verksamhet har en av Europas st\u00f6rsta saneringsprojekt genomf\u00f6rts. Saneringen [&hellip;]<\/p>\n","protected":false},"author":1,"featured_media":38,"parent":0,"menu_order":19,"comment_status":"closed","ping_status":"closed","template":"","meta":{"footnotes":""},"class_list":["post-40","page","type-page","status-publish","has-post-thumbnail","hentry"],"_links":{"self":[{"href":"https:\/\/www.recirk.se\/index.php\/wp-json\/wp\/v2\/pages\/40","targetHints":{"allow":["GET"]}}],"collection":[{"href":"https:\/\/www.recirk.se\/index.php\/wp-json\/wp\/v2\/pages"}],"about":[{"href":"https:\/\/www.recirk.se\/index.php\/wp-json\/wp\/v2\/types\/page"}],"author":[{"embeddable":true,"href":"https:\/\/www.recirk.se\/index.php\/wp-json\/wp\/v2\/users\/1"}],"replies":[{"embeddable":true,"href":"https:\/\/www.recirk.se\/index.php\/wp-json\/wp\/v2\/comments?post=40"}],"version-history":[{"count":6,"href":"https:\/\/www.recirk.se\/index.php\/wp-json\/wp\/v2\/pages\/40\/revisions"}],"predecessor-version":[{"id":184,"href":"https:\/\/www.recirk.se\/index.php\/wp-json\/wp\/v2\/pages\/40\/revisions\/184"}],"wp:featuredmedia":[{"embeddable":true,"href":"https:\/\/www.recirk.se\/index.php\/wp-json\/wp\/v2\/media\/38"}],"wp:attachment":[{"href":"https:\/\/www.recirk.se\/index.php\/wp-json\/wp\/v2\/media?parent=40"}],"curies":[{"name":"wp","href":"https:\/\/api.w.org\/{rel}","templated":true}]}}