{"id":6,"date":"2012-08-30T07:09:05","date_gmt":"2012-08-30T07:09:05","guid":{"rendered":"https:\/\/www.recirk.se\/index.php\/produkter-sv\/"},"modified":"2023-11-02T08:50:52","modified_gmt":"2023-11-02T08:50:52","slug":"produkter-sv","status":"publish","type":"page","link":"https:\/\/www.recirk.se\/index.php\/produkter-sv\/","title":{"rendered":"Produkter"},"content":{"rendered":"\t\t<div data-elementor-type=\"wp-page\" data-elementor-id=\"6\" class=\"elementor elementor-6\" data-elementor-post-type=\"page\">\n\t\t\t\t<div class=\"elementor-element elementor-element-4bdd0860 e-flex e-con-boxed e-con e-parent\" data-id=\"4bdd0860\" data-element_type=\"container\" data-e-type=\"container\">\n\t\t\t\t\t<div class=\"e-con-inner\">\n\t\t\t\t<div class=\"elementor-element elementor-element-4131ff0 elementor-widget elementor-widget-text-editor\" data-id=\"4131ff0\" data-element_type=\"widget\" data-e-type=\"widget\" data-widget_type=\"text-editor.default\">\n\t\t\t\t<div class=\"elementor-widget-container\">\n\t\t\t\t\t\t\t\t\t<ul><li>VOC \u2013 koncentratorer f\u00f6r uppkoncentrering av processluft inneh\u00e5llande flyktiga organiska f\u00f6reningar<\/li><li>Bubbelkammarstrippers f\u00f6r avdrivning av<br \/>flyktiga f\u00f6reningar i v\u00e4tskor t.ex. VOC-f\u00f6rorenat vatten<\/li><li>Dimmavskiljningsfilter f\u00f6r avskiljning av\u00a0<br \/>v\u00e4tskedimmor t.ex. oljedimma, vattendimma eller asfaltsdimma<\/li><li>Fasta b\u00e4ddar f\u00f6r adsorbtion av<br \/>f\u00f6roreningar i luft eller vatten<\/li><li>Katalysatorer f\u00f6r oxidation eller reduktion av<br \/>f\u00f6roreningar i processluft<\/li><\/ul>\t\t\t\t\t\t\t\t<\/div>\n\t\t\t\t<\/div>\n\t\t\t\t<div class=\"elementor-element elementor-element-bb5eb22 elementor-widget elementor-widget-spacer\" data-id=\"bb5eb22\" data-element_type=\"widget\" data-e-type=\"widget\" data-widget_type=\"spacer.default\">\n\t\t\t\t<div class=\"elementor-widget-container\">\n\t\t\t\t\t\t\t<div class=\"elementor-spacer\">\n\t\t\t<div class=\"elementor-spacer-inner\"><\/div>\n\t\t<\/div>\n\t\t\t\t\t\t<\/div>\n\t\t\t\t<\/div>\n\t\t\t\t\t<\/div>\n\t\t\t\t<\/div>\n\t\t\t\t<\/div>\n\t\t","protected":false},"excerpt":{"rendered":"<p>VOC \u2013 koncentratorer f\u00f6r uppkoncentrering av processluft inneh\u00e5llande flyktiga organiska f\u00f6reningar Bubbelkammarstrippers f\u00f6r avdrivning avflyktiga f\u00f6reningar i v\u00e4tskor t.ex. VOC-f\u00f6rorenat vatten Dimmavskiljningsfilter f\u00f6r avskiljning av\u00a0v\u00e4tskedimmor t.ex. oljedimma, vattendimma eller asfaltsdimma Fasta b\u00e4ddar f\u00f6r adsorbtion avf\u00f6roreningar i luft eller vatten Katalysatorer f\u00f6r oxidation eller reduktion avf\u00f6roreningar i processluft<\/p>\n","protected":false},"author":1,"featured_media":0,"parent":0,"menu_order":34,"comment_status":"closed","ping_status":"closed","template":"","meta":{"footnotes":""},"class_list":["post-6","page","type-page","status-publish","hentry"],"_links":{"self":[{"href":"https:\/\/www.recirk.se\/index.php\/wp-json\/wp\/v2\/pages\/6","targetHints":{"allow":["GET"]}}],"collection":[{"href":"https:\/\/www.recirk.se\/index.php\/wp-json\/wp\/v2\/pages"}],"about":[{"href":"https:\/\/www.recirk.se\/index.php\/wp-json\/wp\/v2\/types\/page"}],"author":[{"embeddable":true,"href":"https:\/\/www.recirk.se\/index.php\/wp-json\/wp\/v2\/users\/1"}],"replies":[{"embeddable":true,"href":"https:\/\/www.recirk.se\/index.php\/wp-json\/wp\/v2\/comments?post=6"}],"version-history":[{"count":15,"href":"https:\/\/www.recirk.se\/index.php\/wp-json\/wp\/v2\/pages\/6\/revisions"}],"predecessor-version":[{"id":157,"href":"https:\/\/www.recirk.se\/index.php\/wp-json\/wp\/v2\/pages\/6\/revisions\/157"}],"wp:attachment":[{"href":"https:\/\/www.recirk.se\/index.php\/wp-json\/wp\/v2\/media?parent=6"}],"curies":[{"name":"wp","href":"https:\/\/api.w.org\/{rel}","templated":true}]}}